{"id":14185,"date":"2021-03-18T12:42:03","date_gmt":"2021-03-18T16:42:03","guid":{"rendered":"https:\/\/imageetson.ca\/a-propos\/"},"modified":"2022-05-13T11:10:15","modified_gmt":"2022-05-13T15:10:15","slug":"about-us","status":"publish","type":"page","link":"https:\/\/imageetson.ca\/en\/about-us\/","title":{"rendered":"About us"},"content":{"rendered":"\t\t<div data-elementor-type=\"wp-page\" data-elementor-id=\"14185\" class=\"elementor elementor-14185 elementor-10022\">\n\t\t\t\t\t\t<section class=\"wd-negative-gap elementor-section elementor-top-section elementor-element elementor-element-afb6a93 elementor-reverse-mobile elementor-section-boxed elementor-section-height-default elementor-section-height-default\" data-id=\"afb6a93\" data-element_type=\"section\" data-e-type=\"section\">\n\t\t\t\t\t\t<div class=\"elementor-container elementor-column-gap-default\">\n\t\t\t\t\t<div class=\"elementor-column elementor-col-33 elementor-top-column elementor-element elementor-element-cdc4d00\" data-id=\"cdc4d00\" data-element_type=\"column\" data-e-type=\"column\">\n\t\t\t<div class=\"elementor-widget-wrap elementor-element-populated\">\n\t\t\t\t\t\t<div class=\"elementor-element elementor-element-fb78e90 elementor-widget elementor-widget-wd_team_member\" data-id=\"fb78e90\" data-element_type=\"widget\" data-e-type=\"widget\" data-widget_type=\"wd_team_member.default\">\n\t\t\t\t<div class=\"elementor-widget-container\">\n\t\t\t\t\t\t\t<div class=\"team-member member-layout-default text-center\">\n\t\t\t\t\t\t\t<div class=\"member-image-wrapper\">\n\t\t\t\t\t<div class=\"member-image\">\n\t\t\t\t\t\t<img loading=\"lazy\" decoding=\"async\" width=\"353\" height=\"353\" src=\"https:\/\/imageetson.ca\/wp-content\/uploads\/2021\/07\/rejean_photo.jpeg\" class=\"attachment-full size-full\" alt=\"\" srcset=\"https:\/\/imageetson.ca\/wp-content\/uploads\/2021\/07\/rejean_photo.jpeg 353w, https:\/\/imageetson.ca\/wp-content\/uploads\/2021\/07\/rejean_photo-150x150.jpeg 150w, https:\/\/imageetson.ca\/wp-content\/uploads\/2021\/07\/rejean_photo-300x300.jpeg 300w\" sizes=\"auto, (max-width: 353px) 100vw, 353px\" \/>\t\t\t\t\t<\/div>\n\t\t\t\t<\/div>\n\t\t\t\n\t\t\t<div class=\"member-details wd-set-mb reset-last-child\">\n\t\t\t\t\t\t\t\t\t<h4 class=\"member-name\">\n\t\t\t\t\t\tR\u00e9jean Boisvert\t\t\t\t\t<\/h4>\n\t\t\t\t\n\t\t\t\t\t\t\t\t\t<div class=\"member-position\">\n\t\t\t\t\t\tPresident &amp; Founder\t\t\t\t\t<\/div>\n\t\t\t\t\n\t\t\t\t\n\t\t\t\t\t\t\t<\/div>\n\t\t<\/div>\n\t\t\t\t\t\t<\/div>\n\t\t\t\t<\/div>\n\t\t\t\t\t<\/div>\n\t\t<\/div>\n\t\t\t\t<div class=\"elementor-column elementor-col-66 elementor-top-column elementor-element elementor-element-2e418d8\" data-id=\"2e418d8\" data-element_type=\"column\" data-e-type=\"column\">\n\t\t\t<div class=\"elementor-widget-wrap elementor-element-populated\">\n\t\t\t\t\t\t<div class=\"elementor-element elementor-element-91bbd7b wd-width-100 elementor-widget elementor-widget-wd_title\" data-id=\"91bbd7b\" data-element_type=\"widget\" data-e-type=\"widget\" data-widget_type=\"wd_title.default\">\n\t\t\t\t<div class=\"elementor-widget-container\">\n\t\t\t\t\t\t\t<div class=\"title-wrapper wd-set-mb reset-last-child wd-title-color-default wd-title-style-default wd-title-size-large text-left\">\n\n\t\t\t\n\t\t\t<div class=\"liner-continer\">\n\t\t\t\t<h4 class=\"woodmart-title-container title wd-fontsize-xxl\">Company History<\/h4> \n\t\t\t\t\t\t\t<\/div>\n\n\t\t\t\t\t\t\t<div class=\"title-after_title reset-last-child wd-fontsize-s\">\n\t\t\t\t\t<h5>Founded in 1981 by R\u00e9jean Boisvert, the company\u2019s current President, Groupe Image &amp; Son has added new products and services to its multimedia portfolio over the years in order to better meet the needs of its clients with regard to corporate, cultural and social events.<\/h5>\t\t\t\t<\/div>\n\t\t\t\t\t<\/div>\n\t\t\t\t\t\t<\/div>\n\t\t\t\t<\/div>\n\t\t\t\t<div class=\"elementor-element elementor-element-f3772fb color-scheme-inherit text-left elementor-widget elementor-widget-text-editor\" data-id=\"f3772fb\" data-element_type=\"widget\" data-e-type=\"widget\" data-widget_type=\"text-editor.default\">\n\t\t\t\t<div class=\"elementor-widget-container\">\n\t\t\t\t\t\t\t\t\t<h5>Since its creation, the company has focused on developing an unparalleled expertise by hiring experienced professionals in the following areas:<\/h5>\t\t\t\t\t\t\t\t<\/div>\n\t\t\t\t<\/div>\n\t\t\t\t<div class=\"elementor-element elementor-element-0f33e1e elementor-widget elementor-widget-wd_list\" data-id=\"0f33e1e\" data-element_type=\"widget\" data-e-type=\"widget\" data-widget_type=\"wd_list.default\">\n\t\t\t\t<div class=\"elementor-widget-container\">\n\t\t\t\t\t\t\t<ul class=\"wd-list color-scheme- wd-fontsize-xs wd-type-icon wd-style-default text-left\">\n\t\t\t\t\t\t\t\t\t\t\t<li class=\"elementor-repeater-item-5e4aed3\">\n\t\t\t\t\t\t\t\t\t\t\t<span class=\"wd-icon\"><span class=\"far fa-check-circle\"><\/span><\/span>\t\t\t\t\t\n\t\t\t\t\t<span class=\"wd-list-content list-content\">\n\t\t\t\t\t\t\t\t\t\t\t\t\tSound and lighting technology\t\t\t\t\t\t\t\t\t\t\t<\/span>\n\t\t\t\t<\/li>\n\t\t\t\t\t\t\t\t\t\t\t<li class=\"elementor-repeater-item-8c27bbb\">\n\t\t\t\t\t\t\t\t\t\t\t<span class=\"wd-icon\"><span class=\"far fa-check-circle\"><\/span><\/span>\t\t\t\t\t\n\t\t\t\t\t<span class=\"wd-list-content list-content\">\n\t\t\t\t\t\t\t\t\t\t\t\t\tEvent planning and consulting services\t\t\t\t\t\t\t\t\t\t\t<\/span>\n\t\t\t\t<\/li>\n\t\t\t\t\t\t\t\t\t\t\t<li class=\"elementor-repeater-item-83c07ea\">\n\t\t\t\t\t\t\t\t\t\t\t<span class=\"wd-icon\"><span class=\"far fa-check-circle\"><\/span><\/span>\t\t\t\t\t\n\t\t\t\t\t<span class=\"wd-list-content list-content\">\n\t\t\t\t\t\t\t\t\t\t\t\t\tVideo recording, editing and broadcasting\t\t\t\t\t\t\t\t\t\t\t<\/span>\n\t\t\t\t<\/li>\n\t\t\t\t\t<\/ul>\n\n\t\t\t\t\t\t<\/div>\n\t\t\t\t<\/div>\n\t\t\t\t<div class=\"elementor-element elementor-element-63827ab color-scheme-inherit text-left elementor-widget elementor-widget-text-editor\" data-id=\"63827ab\" data-element_type=\"widget\" data-e-type=\"widget\" data-widget_type=\"text-editor.default\">\n\t\t\t\t<div class=\"elementor-widget-container\">\n\t\t\t\t\t\t\t\t\t<p data-pm-slice=\"1 1 []\">Strong partnerships with suppliers and ongoing investments in professional technological equipment have allowed Image &#038; Son to address the aspirations of a market constantly looking to innovate.<\/p>\t\t\t\t\t\t\t\t<\/div>\n\t\t\t\t<\/div>\n\t\t\t\t\t<\/div>\n\t\t<\/div>\n\t\t\t\t\t<\/div>\n\t\t<\/section>\n\t\t\t\t<section class=\"wd-negative-gap elementor-section elementor-top-section elementor-element elementor-element-15db295 wd-section-stretch elementor-section-boxed elementor-section-height-default elementor-section-height-default\" data-id=\"15db295\" data-element_type=\"section\" data-e-type=\"section\" data-settings=\"{&quot;background_background&quot;:&quot;classic&quot;}\">\n\t\t\t\t\t\t<div class=\"elementor-container elementor-column-gap-default\">\n\t\t\t\t\t<div class=\"elementor-column elementor-col-100 elementor-top-column elementor-element elementor-element-dc40423\" data-id=\"dc40423\" data-element_type=\"column\" data-e-type=\"column\">\n\t\t\t<div class=\"elementor-widget-wrap elementor-element-populated\">\n\t\t\t\t\t\t<div class=\"elementor-element elementor-element-bba2c13 wd-width-100 elementor-widget elementor-widget-wd_title\" data-id=\"bba2c13\" data-element_type=\"widget\" data-e-type=\"widget\" data-widget_type=\"wd_title.default\">\n\t\t\t\t<div class=\"elementor-widget-container\">\n\t\t\t\t\t\t\t<div class=\"title-wrapper wd-set-mb reset-last-child wd-title-color-default wd-title-style-default wd-title-size-extra-large text-center\">\n\n\t\t\t\n\t\t\t<div class=\"liner-continer\">\n\t\t\t\t<h4 class=\"woodmart-title-container title wd-fontsize-xxxl\">Partnerships<\/h4> \n\t\t\t\t\t\t\t<\/div>\n\n\t\t\t\t\t\t\t<div class=\"title-after_title reset-last-child wd-fontsize-s\">\n\t\t\t\t\t<p>We venture beyond the beaten path to consistently offer the best possible audiovisual solutions. Our satisfied and loyal clients include: <br \/>\n<\/p>\t\t\t\t<\/div>\n\t\t\t\t\t<\/div>\n\t\t\t\t\t\t<\/div>\n\t\t\t\t<\/div>\n\t\t\t\t<div class=\"elementor-element elementor-element-1c0c90f elementor-arrows-position-inside elementor-pagination-position-outside elementor-widget elementor-widget-image-carousel\" data-id=\"1c0c90f\" data-element_type=\"widget\" data-e-type=\"widget\" data-settings=\"{&quot;slides_to_show&quot;:&quot;5&quot;,&quot;pause_on_hover&quot;:&quot;no&quot;,&quot;navigation&quot;:&quot;both&quot;,&quot;autoplay&quot;:&quot;yes&quot;,&quot;pause_on_interaction&quot;:&quot;yes&quot;,&quot;autoplay_speed&quot;:5000,&quot;infinite&quot;:&quot;yes&quot;,&quot;speed&quot;:500}\" data-widget_type=\"image-carousel.default\">\n\t\t\t\t<div class=\"elementor-widget-container\">\n\t\t\t\t\t\t\t<div class=\"elementor-image-carousel-wrapper swiper\" role=\"region\" aria-roledescription=\"carousel\" aria-label=\"Image Carousel\" dir=\"ltr\">\n\t\t\t<div class=\"elementor-image-carousel swiper-wrapper\" aria-live=\"off\">\n\t\t\t\t\t\t\t\t<div class=\"swiper-slide\" role=\"group\" aria-roledescription=\"slide\" aria-label=\"1 of 12\"><figure class=\"swiper-slide-inner\"><img decoding=\"async\" class=\"swiper-slide-image\" src=\"https:\/\/imageetson.ca\/wp-content\/uploads\/2021\/10\/unnamed-1.jpg\" alt=\"unnamed-1\" \/><\/figure><\/div><div class=\"swiper-slide\" role=\"group\" aria-roledescription=\"slide\" aria-label=\"2 of 12\"><figure class=\"swiper-slide-inner\"><img decoding=\"async\" class=\"swiper-slide-image\" src=\"https:\/\/imageetson.ca\/wp-content\/uploads\/2021\/10\/unnamed-1.png\" alt=\"unnamed-1\" \/><\/figure><\/div><div class=\"swiper-slide\" role=\"group\" aria-roledescription=\"slide\" aria-label=\"3 of 12\"><figure class=\"swiper-slide-inner\"><img decoding=\"async\" class=\"swiper-slide-image\" src=\"https:\/\/imageetson.ca\/wp-content\/uploads\/2021\/10\/unnamed-2.png\" alt=\"unnamed-2\" \/><\/figure><\/div><div class=\"swiper-slide\" role=\"group\" aria-roledescription=\"slide\" aria-label=\"4 of 12\"><figure class=\"swiper-slide-inner\"><img decoding=\"async\" class=\"swiper-slide-image\" src=\"https:\/\/imageetson.ca\/wp-content\/uploads\/2021\/10\/unnamed-3.png\" alt=\"unnamed-3\" \/><\/figure><\/div><div class=\"swiper-slide\" role=\"group\" aria-roledescription=\"slide\" aria-label=\"5 of 12\"><figure class=\"swiper-slide-inner\"><img decoding=\"async\" class=\"swiper-slide-image\" src=\"https:\/\/imageetson.ca\/wp-content\/uploads\/2021\/10\/unnamed-4.png\" alt=\"unnamed-4\" \/><\/figure><\/div><div class=\"swiper-slide\" role=\"group\" aria-roledescription=\"slide\" aria-label=\"6 of 12\"><figure class=\"swiper-slide-inner\"><img decoding=\"async\" class=\"swiper-slide-image\" src=\"https:\/\/imageetson.ca\/wp-content\/uploads\/2021\/10\/unnamed-5.png\" alt=\"unnamed-5\" \/><\/figure><\/div><div class=\"swiper-slide\" role=\"group\" aria-roledescription=\"slide\" aria-label=\"7 of 12\"><figure class=\"swiper-slide-inner\"><img decoding=\"async\" class=\"swiper-slide-image\" src=\"https:\/\/imageetson.ca\/wp-content\/uploads\/2021\/10\/unnamed-6-2.png\" alt=\"unnamed-6\" \/><\/figure><\/div><div class=\"swiper-slide\" role=\"group\" aria-roledescription=\"slide\" aria-label=\"8 of 12\"><figure class=\"swiper-slide-inner\"><img decoding=\"async\" class=\"swiper-slide-image\" src=\"https:\/\/imageetson.ca\/wp-content\/uploads\/2021\/10\/unnamed-7.png\" alt=\"unnamed-7\" \/><\/figure><\/div><div class=\"swiper-slide\" role=\"group\" aria-roledescription=\"slide\" aria-label=\"9 of 12\"><figure class=\"swiper-slide-inner\"><img decoding=\"async\" class=\"swiper-slide-image\" src=\"https:\/\/imageetson.ca\/wp-content\/uploads\/2021\/10\/unnamed-8.png\" alt=\"unnamed-8\" \/><\/figure><\/div><div class=\"swiper-slide\" role=\"group\" aria-roledescription=\"slide\" aria-label=\"10 of 12\"><figure class=\"swiper-slide-inner\"><img decoding=\"async\" class=\"swiper-slide-image\" src=\"https:\/\/imageetson.ca\/wp-content\/uploads\/2021\/10\/unnamed-9-1.png\" alt=\"unnamed-9\" \/><\/figure><\/div><div class=\"swiper-slide\" role=\"group\" aria-roledescription=\"slide\" aria-label=\"11 of 12\"><figure class=\"swiper-slide-inner\"><img decoding=\"async\" class=\"swiper-slide-image\" src=\"https:\/\/imageetson.ca\/wp-content\/uploads\/2021\/10\/unnamed.jpg\" alt=\"unnamed\" \/><\/figure><\/div><div class=\"swiper-slide\" role=\"group\" aria-roledescription=\"slide\" aria-label=\"12 of 12\"><figure class=\"swiper-slide-inner\"><img decoding=\"async\" class=\"swiper-slide-image\" src=\"https:\/\/imageetson.ca\/wp-content\/uploads\/2021\/10\/unnamed.png\" alt=\"unnamed\" \/><\/figure><\/div>\t\t\t<\/div>\n\t\t\t\t\t\t\t\t\t\t\t\t<div class=\"elementor-swiper-button elementor-swiper-button-prev\" role=\"button\" tabindex=\"0\">\n\t\t\t\t\t\t<i aria-hidden=\"true\" class=\"eicon-chevron-left\"><\/i>\t\t\t\t\t<\/div>\n\t\t\t\t\t<div class=\"elementor-swiper-button elementor-swiper-button-next\" role=\"button\" tabindex=\"0\">\n\t\t\t\t\t\t<i aria-hidden=\"true\" class=\"eicon-chevron-right\"><\/i>\t\t\t\t\t<\/div>\n\t\t\t\t\n\t\t\t\t\t\t\t\t\t<div class=\"swiper-pagination\"><\/div>\n\t\t\t\t\t\t\t\t\t<\/div>\n\t\t\t\t\t\t<\/div>\n\t\t\t\t<\/div>\n\t\t\t\t\t<\/div>\n\t\t<\/div>\n\t\t\t\t\t<\/div>\n\t\t<\/section>\n\t\t\t\t<\/div>\n\t\t","protected":false},"excerpt":{"rendered":"<p>R\u00e9jean Boisvert President &amp; Founder Company History Founded in 1981 by R\u00e9jean Boisvert, the company\u2019s current President, Groupe Image &amp;<\/p>\n","protected":false},"author":1,"featured_media":0,"parent":0,"menu_order":0,"comment_status":"closed","ping_status":"closed","template":"","meta":{"footnotes":""},"class_list":["post-14185","page","type-page","status-publish","hentry"],"yoast_head":"<!-- This site is optimized with the Yoast SEO plugin v27.3 - https:\/\/yoast.com\/product\/yoast-seo-wordpress\/ -->\n<title>\u00c0 propos | Groupe Image &amp; son | Solutions en audiovisuel cl\u00e9 en main<\/title>\n<meta name=\"description\" content=\"Fond\u00e9 en 1981 par R\u00e9jean Boisvert, Le Groupe Image &amp; Son offre des \u00e9quipements \u00e0 la fine pointe et un service cl\u00e9 en main.\" \/>\n<meta name=\"robots\" content=\"index, follow, max-snippet:-1, max-image-preview:large, max-video-preview:-1\" \/>\n<link rel=\"canonical\" href=\"https:\/\/imageetson.ca\/en\/about-us\/\" \/>\n<meta property=\"og:locale\" content=\"en_US\" \/>\n<meta property=\"og:type\" content=\"article\" \/>\n<meta property=\"og:title\" content=\"\u00c0 propos | Groupe Image &amp; son | Solutions en audiovisuel cl\u00e9 en main\" \/>\n<meta property=\"og:description\" content=\"Fond\u00e9 en 1981 par R\u00e9jean Boisvert, Le Groupe Image &amp; Son offre des \u00e9quipements \u00e0 la fine pointe et un service cl\u00e9 en main.\" \/>\n<meta property=\"og:url\" content=\"https:\/\/imageetson.ca\/en\/about-us\/\" \/>\n<meta property=\"og:site_name\" content=\"Image &amp; son\" \/>\n<meta property=\"article:modified_time\" content=\"2022-05-13T15:10:15+00:00\" \/>\n<meta property=\"og:image\" content=\"https:\/\/imageetson.ca\/wp-content\/uploads\/2021\/07\/rejean_photo.jpeg\" \/>\n<meta name=\"twitter:card\" content=\"summary_large_image\" \/>\n<meta name=\"twitter:label1\" content=\"Est. reading time\" \/>\n\t<meta name=\"twitter:data1\" content=\"4 minutes\" \/>\n<script type=\"application\/ld+json\" class=\"yoast-schema-graph\">{\"@context\":\"https:\\\/\\\/schema.org\",\"@graph\":[{\"@type\":\"WebPage\",\"@id\":\"https:\\\/\\\/imageetson.ca\\\/en\\\/about-us\\\/\",\"url\":\"https:\\\/\\\/imageetson.ca\\\/en\\\/about-us\\\/\",\"name\":\"\u00c0 propos | Groupe Image & son | Solutions en audiovisuel cl\u00e9 en main\",\"isPartOf\":{\"@id\":\"https:\\\/\\\/imageetson.ca\\\/en\\\/#website\"},\"primaryImageOfPage\":{\"@id\":\"https:\\\/\\\/imageetson.ca\\\/en\\\/about-us\\\/#primaryimage\"},\"image\":{\"@id\":\"https:\\\/\\\/imageetson.ca\\\/en\\\/about-us\\\/#primaryimage\"},\"thumbnailUrl\":\"https:\\\/\\\/imageetson.ca\\\/wp-content\\\/uploads\\\/2021\\\/07\\\/rejean_photo.jpeg\",\"datePublished\":\"2021-03-18T16:42:03+00:00\",\"dateModified\":\"2022-05-13T15:10:15+00:00\",\"description\":\"Fond\u00e9 en 1981 par R\u00e9jean Boisvert, Le Groupe Image & Son offre des \u00e9quipements \u00e0 la fine pointe et un service cl\u00e9 en main.\",\"breadcrumb\":{\"@id\":\"https:\\\/\\\/imageetson.ca\\\/en\\\/about-us\\\/#breadcrumb\"},\"inLanguage\":\"en-US\",\"potentialAction\":[{\"@type\":\"ReadAction\",\"target\":[\"https:\\\/\\\/imageetson.ca\\\/en\\\/about-us\\\/\"]}]},{\"@type\":\"ImageObject\",\"inLanguage\":\"en-US\",\"@id\":\"https:\\\/\\\/imageetson.ca\\\/en\\\/about-us\\\/#primaryimage\",\"url\":\"https:\\\/\\\/imageetson.ca\\\/wp-content\\\/uploads\\\/2021\\\/07\\\/rejean_photo.jpeg\",\"contentUrl\":\"https:\\\/\\\/imageetson.ca\\\/wp-content\\\/uploads\\\/2021\\\/07\\\/rejean_photo.jpeg\"},{\"@type\":\"BreadcrumbList\",\"@id\":\"https:\\\/\\\/imageetson.ca\\\/en\\\/about-us\\\/#breadcrumb\",\"itemListElement\":[{\"@type\":\"ListItem\",\"position\":1,\"name\":\"Home\",\"item\":\"https:\\\/\\\/imageetson.ca\\\/en\\\/\"},{\"@type\":\"ListItem\",\"position\":2,\"name\":\"About us\"}]},{\"@type\":\"WebSite\",\"@id\":\"https:\\\/\\\/imageetson.ca\\\/en\\\/#website\",\"url\":\"https:\\\/\\\/imageetson.ca\\\/en\\\/\",\"name\":\"Image &amp; son\",\"description\":\"Complice de vos \u00e9v\u00e9nements\",\"publisher\":{\"@id\":\"https:\\\/\\\/imageetson.ca\\\/en\\\/#organization\"},\"potentialAction\":[{\"@type\":\"SearchAction\",\"target\":{\"@type\":\"EntryPoint\",\"urlTemplate\":\"https:\\\/\\\/imageetson.ca\\\/en\\\/?s={search_term_string}\"},\"query-input\":{\"@type\":\"PropertyValueSpecification\",\"valueRequired\":true,\"valueName\":\"search_term_string\"}}],\"inLanguage\":\"en-US\"},{\"@type\":\"Organization\",\"@id\":\"https:\\\/\\\/imageetson.ca\\\/en\\\/#organization\",\"name\":\"Groupe Image & son\",\"url\":\"https:\\\/\\\/imageetson.ca\\\/en\\\/\",\"logo\":{\"@type\":\"ImageObject\",\"inLanguage\":\"en-US\",\"@id\":\"https:\\\/\\\/imageetson.ca\\\/en\\\/#\\\/schema\\\/logo\\\/image\\\/\",\"url\":\"https:\\\/\\\/imageetson.ca\\\/wp-content\\\/uploads\\\/2021\\\/07\\\/GroupeIS_logo.png\",\"contentUrl\":\"https:\\\/\\\/imageetson.ca\\\/wp-content\\\/uploads\\\/2021\\\/07\\\/GroupeIS_logo.png\",\"width\":380,\"height\":72,\"caption\":\"Groupe Image & son\"},\"image\":{\"@id\":\"https:\\\/\\\/imageetson.ca\\\/en\\\/#\\\/schema\\\/logo\\\/image\\\/\"}}]}<\/script>\n<!-- \/ Yoast SEO plugin. -->","yoast_head_json":{"title":"\u00c0 propos | Groupe Image & son | Solutions en audiovisuel cl\u00e9 en main","description":"Fond\u00e9 en 1981 par R\u00e9jean Boisvert, Le Groupe Image & Son offre des \u00e9quipements \u00e0 la fine pointe et un service cl\u00e9 en main.","robots":{"index":"index","follow":"follow","max-snippet":"max-snippet:-1","max-image-preview":"max-image-preview:large","max-video-preview":"max-video-preview:-1"},"canonical":"https:\/\/imageetson.ca\/en\/about-us\/","og_locale":"en_US","og_type":"article","og_title":"\u00c0 propos | Groupe Image & son | Solutions en audiovisuel cl\u00e9 en main","og_description":"Fond\u00e9 en 1981 par R\u00e9jean Boisvert, Le Groupe Image & Son offre des \u00e9quipements \u00e0 la fine pointe et un service cl\u00e9 en main.","og_url":"https:\/\/imageetson.ca\/en\/about-us\/","og_site_name":"Image &amp; son","article_modified_time":"2022-05-13T15:10:15+00:00","og_image":[{"url":"https:\/\/imageetson.ca\/wp-content\/uploads\/2021\/07\/rejean_photo.jpeg","type":"","width":"","height":""}],"twitter_card":"summary_large_image","twitter_misc":{"Est. reading time":"4 minutes"},"schema":{"@context":"https:\/\/schema.org","@graph":[{"@type":"WebPage","@id":"https:\/\/imageetson.ca\/en\/about-us\/","url":"https:\/\/imageetson.ca\/en\/about-us\/","name":"\u00c0 propos | Groupe Image & son | Solutions en audiovisuel cl\u00e9 en main","isPartOf":{"@id":"https:\/\/imageetson.ca\/en\/#website"},"primaryImageOfPage":{"@id":"https:\/\/imageetson.ca\/en\/about-us\/#primaryimage"},"image":{"@id":"https:\/\/imageetson.ca\/en\/about-us\/#primaryimage"},"thumbnailUrl":"https:\/\/imageetson.ca\/wp-content\/uploads\/2021\/07\/rejean_photo.jpeg","datePublished":"2021-03-18T16:42:03+00:00","dateModified":"2022-05-13T15:10:15+00:00","description":"Fond\u00e9 en 1981 par R\u00e9jean Boisvert, Le Groupe Image & Son offre des \u00e9quipements \u00e0 la fine pointe et un service cl\u00e9 en main.","breadcrumb":{"@id":"https:\/\/imageetson.ca\/en\/about-us\/#breadcrumb"},"inLanguage":"en-US","potentialAction":[{"@type":"ReadAction","target":["https:\/\/imageetson.ca\/en\/about-us\/"]}]},{"@type":"ImageObject","inLanguage":"en-US","@id":"https:\/\/imageetson.ca\/en\/about-us\/#primaryimage","url":"https:\/\/imageetson.ca\/wp-content\/uploads\/2021\/07\/rejean_photo.jpeg","contentUrl":"https:\/\/imageetson.ca\/wp-content\/uploads\/2021\/07\/rejean_photo.jpeg"},{"@type":"BreadcrumbList","@id":"https:\/\/imageetson.ca\/en\/about-us\/#breadcrumb","itemListElement":[{"@type":"ListItem","position":1,"name":"Home","item":"https:\/\/imageetson.ca\/en\/"},{"@type":"ListItem","position":2,"name":"About us"}]},{"@type":"WebSite","@id":"https:\/\/imageetson.ca\/en\/#website","url":"https:\/\/imageetson.ca\/en\/","name":"Image &amp; son","description":"Complice de vos \u00e9v\u00e9nements","publisher":{"@id":"https:\/\/imageetson.ca\/en\/#organization"},"potentialAction":[{"@type":"SearchAction","target":{"@type":"EntryPoint","urlTemplate":"https:\/\/imageetson.ca\/en\/?s={search_term_string}"},"query-input":{"@type":"PropertyValueSpecification","valueRequired":true,"valueName":"search_term_string"}}],"inLanguage":"en-US"},{"@type":"Organization","@id":"https:\/\/imageetson.ca\/en\/#organization","name":"Groupe Image & son","url":"https:\/\/imageetson.ca\/en\/","logo":{"@type":"ImageObject","inLanguage":"en-US","@id":"https:\/\/imageetson.ca\/en\/#\/schema\/logo\/image\/","url":"https:\/\/imageetson.ca\/wp-content\/uploads\/2021\/07\/GroupeIS_logo.png","contentUrl":"https:\/\/imageetson.ca\/wp-content\/uploads\/2021\/07\/GroupeIS_logo.png","width":380,"height":72,"caption":"Groupe Image & son"},"image":{"@id":"https:\/\/imageetson.ca\/en\/#\/schema\/logo\/image\/"}}]}},"_links":{"self":[{"href":"https:\/\/imageetson.ca\/en\/wp-json\/wp\/v2\/pages\/14185","targetHints":{"allow":["GET"]}}],"collection":[{"href":"https:\/\/imageetson.ca\/en\/wp-json\/wp\/v2\/pages"}],"about":[{"href":"https:\/\/imageetson.ca\/en\/wp-json\/wp\/v2\/types\/page"}],"author":[{"embeddable":true,"href":"https:\/\/imageetson.ca\/en\/wp-json\/wp\/v2\/users\/1"}],"replies":[{"embeddable":true,"href":"https:\/\/imageetson.ca\/en\/wp-json\/wp\/v2\/comments?post=14185"}],"version-history":[{"count":8,"href":"https:\/\/imageetson.ca\/en\/wp-json\/wp\/v2\/pages\/14185\/revisions"}],"predecessor-version":[{"id":14194,"href":"https:\/\/imageetson.ca\/en\/wp-json\/wp\/v2\/pages\/14185\/revisions\/14194"}],"wp:attachment":[{"href":"https:\/\/imageetson.ca\/en\/wp-json\/wp\/v2\/media?parent=14185"}],"curies":[{"name":"wp","href":"https:\/\/api.w.org\/{rel}","templated":true}]}}