{"id":14658,"date":"2022-07-21T16:42:15","date_gmt":"2022-07-21T20:42:15","guid":{"rendered":"https:\/\/imageetson.ca\/product\/jbl-prx812w\/"},"modified":"2022-07-22T10:35:11","modified_gmt":"2022-07-22T14:35:11","slug":"jbl-prx812w","status":"publish","type":"product","link":"https:\/\/imageetson.ca\/en\/product\/jbl-prx812w\/","title":{"rendered":"JBL PRX812W"},"content":{"rendered":"","protected":false},"excerpt":{"rendered":"<p>Le PRX812W est un haut-parleur \u00e0 large bande con\u00e7u pour les applications de syst\u00e8me principal et de moniteur de plancher. Dot\u00e9 d&#8217;un design bass-reflex bidirectionnel de 12&#8243;, aliment\u00e9 par un amplificateur de classe D de 1500 watts, le PRX812W offre un volume incroyable dans un format l\u00e9ger et compact.<\/p>\n<p>La s\u00e9rie PRX800W int\u00e8gre la technologie ioSYS int\u00e9gr\u00e9e qui facilite la configuration et le contr\u00f4le lorsqu&#8217;elle est utilis\u00e9e avec l&#8217;application HARMAN Connected PA et les produits compatibles. Connected PA offre un fonctionnement plug-and-play transparent avec une vari\u00e9t\u00e9 d&#8217;\u00e9quipements HARMAN et vous permet de contr\u00f4ler l&#8217;ensemble de votre syst\u00e8me de sonorisation en direct avec une seule application. Les produits du syst\u00e8me de sonorisation connect\u00e9e s&#8217;identifient automatiquement et conservent les pr\u00e9r\u00e9glages pour une configuration sans effort, et des assistants de configuration vous aident \u00e0 optimiser rapidement les niveaux des enceintes, les param\u00e8tres de configuration et l&#8217;\u00e9galiseur. Les produits actuels avec technologie ioSYS int\u00e9gr\u00e9e et compatibilit\u00e9 HARMAN Connected PA comprennent le m\u00e9langeur Ui24R, les haut-parleurs JBL PRX800W, les bo\u00eetes directes dbx Di1 et les microphones AKG P5i.<\/p>\n<p>Caract\u00e9ristiques :<br \/>\n&#8211; Wi-Fi int\u00e9gr\u00e9 pour un contr\u00f4le sans fil de votre syst\u00e8me depuis n&#8217;importe quel endroit de la salle.<br \/>\n&#8211; L&#8217;application mobile gratuite PRX Connect pour iOS et Android offre un contr\u00f4le sans fil des niveaux de volume, un \u00e9galiseur param\u00e9trique 8 bandes et jusqu&#8217;\u00e0 50 ms de retard des haut-parleurs pour un r\u00e9glage pr\u00e9cis de votre son.<br \/>\n&#8211; L&#8217;amplificateur de 1500 watts, le meilleur de sa cat\u00e9gorie, fournit une puissance suffisante pour remplir votre salle de concert.<br \/>\n&#8211; Transducteurs diff\u00e9rentiels JBL Differential Drive pour des niveaux de pression acoustique plus \u00e9lev\u00e9s dans un design l\u00e9ger<br \/>\n&#8211; Pilotes de compression de n\u00e9odyme JBL de nouvelle g\u00e9n\u00e9ration<br \/>\n&#8211; Technologie d&#8217;entr\u00e9e Crown redessin\u00e9e, y compris les entr\u00e9es XLR, 1\/4 et RCA plus les entr\u00e9es en boucle XLR<br \/>\n&#8211; Ventilateur intelligent \u00e0 vitesse variable qui ne s&#8217;active qu&#8217;en cas de besoin pour r\u00e9duire le bruit.<br \/>\n&#8211; La mise \u00e0 jour de l&#8217;accord permet d&#8217;obtenir une r\u00e9ponse en fr\u00e9quence plate et un comportement hors axe sans \u00e0-coups.<br \/>\n&#8211; Enceintes en bois durable, finition DuraFlex \u00e9prouv\u00e9e et grilles de calibre 16 r\u00e9sistantes \u00e0 la corrosion.<br \/>\n&#8211; Alimentation universelle pour une compatibilit\u00e9 mondiale<br \/>\n&#8211; La limitation dbx Type IV assure un son clair et pr\u00e9cis \u00e0 haut volume.<br \/>\n&#8211; Un r\u00e9gime d&#8217;essai brutal, y compris le fameux essai de puissance de 100 heures JBL, garantit des performances fiables.<\/p>\n<p>Sp\u00e9cifications :<br \/>\n&#8211; Type de syst\u00e8me : Auto-aliment\u00e9 12&#8243;, bidirectionnel, bass-reflex<br \/>\n&#8211; Sortie SPL maximale : 135 dB cr\u00eate<br \/>\n&#8211; Gamme de fr\u00e9quence (-10 dB) : Principal : 44,8 Hz &#8211; 20 kHz Moniteur : 44,8 Hz &#8211; 20 kHz<br \/>\n&#8211; R\u00e9ponse en fr\u00e9quence (+\/-3 dB) : Principal : 55,7 Hz &#8211; 20 kHz Moniteur : 56,5 Hz &#8211; 20 kHz<br \/>\n&#8211; Connecteurs d&#8217;entr\u00e9e : 2 x entr\u00e9e XLR sym\u00e9trique \/ 1\/4 pouce, 2 x entr\u00e9e RCA asym\u00e9trique<br \/>\n&#8211; Imp\u00e9dance d&#8217;entr\u00e9e : 20K Ohms (sym\u00e9trique), 10K Ohms (asym\u00e9trique)<br \/>\n&#8211; Indicateurs de signal : Limite &#8211; La DEL jaune indique que la sortie cr\u00eate a \u00e9t\u00e9 atteinte et que le limiteur dsp agit.<br \/>\nSignal &#8211; La LED verte indique la pr\u00e9sence d&#8217;un signal<br \/>\nAlimentation &#8211; Le bleu indique que le syst\u00e8me est aliment\u00e9 et pr\u00eat \u00e0 passer l&#8217;audio.<br \/>\n&#8211; EQ : Pr\u00e9s\u00e9lections s\u00e9lectionnables par l&#8217;utilisateur pour la position principale ou la position du moniteur, r\u00e9glages avanc\u00e9s d&#8217;\u00e9galiseur disponibles avec les applications Wi-Fi et PRX Connect.<br \/>\n&#8211; Contr\u00f4le dynamique (entr\u00e9e) : circuit limiteur dbx Type IV<br \/>\n&#8211; Fr\u00e9quence de coupure : 1,85 kHz<br \/>\n&#8211; Design : Amplificateur de classe D tr\u00e8s efficace<br \/>\n&#8211; Puissance nominale : 1500W (750W x 2)<br \/>\n&#8211; Entr\u00e9e d&#8217;alimentation CA : 100V &#8211; 240V ~ 50\/60 Hz<br \/>\n&#8211; LF Driver : 1 x JBL 272G 305 mm (12 in) woofer<br \/>\n&#8211; Circuit d&#8217;attaque HF : 1 x JBL 2408H-2 Membrane polym\u00e8re annulaire de 37,5 mm (1,5 po), circuit d&#8217;attaque \u00e0 compression n\u00e9odyme<br \/>\n&#8211; Mod\u00e8le de couverture : 90 x 50 degr\u00e9s nominal<br \/>\n&#8211; Indice de directivit\u00e9 (DI) 10,2 dB<br \/>\n&#8211; Facteur de directivit\u00e9 (Q) : 10,4<br \/>\n&#8211; Enceinte : Asym\u00e9trique, 18 mm, contreplaqu\u00e9<br \/>\n&#8211; Suspension \/ Montage : Prise double pour poteau 36 mm, 12 points de suspension M10<br \/>\n&#8211; Transport : 1 x poign\u00e9e moul\u00e9e par injection avec gobelet arri\u00e8re<br \/>\n&#8211; Finition : Finition DuraFlex d&#8217;obsidienne<br \/>\n&#8211; Grille : Acier perfor\u00e9 de 16 jauges en Obsidienne, peint par poudrage, avec endos en tissu noir transparent acoustique.<br \/>\n&#8211; Dimensions (H x L x P) : 599 mm x 385 mm x 341 mm (23,6 po x 15,1 po x 13,4 po)<br \/>\n&#8211; Poids net : 40 lb \/ 18,1 kg<\/p>\n","protected":false},"featured_media":14179,"comment_status":"open","ping_status":"closed","template":"","meta":[],"product_brand":[],"product_cat":[99],"product_tag":[],"class_list":{"0":"post-14658","1":"product","2":"type-product","3":"status-publish","4":"has-post-thumbnail","6":"product_cat-equipment-purchases","8":"first","9":"instock","10":"taxable","11":"shipping-taxable","12":"purchasable","13":"product-type-simple"},"yoast_head":"<!-- This site is optimized with the Yoast SEO plugin v27.3 - https:\/\/yoast.com\/product\/yoast-seo-wordpress\/ -->\n<title>JBL PRX812W | Image &amp; son<\/title>\n<meta name=\"robots\" content=\"index, follow, max-snippet:-1, max-image-preview:large, max-video-preview:-1\" \/>\n<link rel=\"canonical\" href=\"https:\/\/imageetson.ca\/en\/product\/jbl-prx812w\/\" \/>\n<meta property=\"og:locale\" content=\"en_US\" \/>\n<meta property=\"og:type\" content=\"article\" \/>\n<meta property=\"og:title\" content=\"JBL PRX812W | Image &amp; son\" \/>\n<meta property=\"og:description\" content=\"Le PRX812W est un haut-parleur \u00e0 large bande con\u00e7u pour les applications de syst\u00e8me principal et de moniteur de plancher. Dot\u00e9 d&#039;un design bass-reflex bidirectionnel de 12&quot;, aliment\u00e9 par un amplificateur de classe D de 1500 watts, le PRX812W offre un volume incroyable dans un format l\u00e9ger et compact.  La s\u00e9rie PRX800W int\u00e8gre la technologie ioSYS int\u00e9gr\u00e9e qui facilite la configuration et le contr\u00f4le lorsqu&#039;elle est utilis\u00e9e avec l&#039;application HARMAN Connected PA et les produits compatibles. Connected PA offre un fonctionnement plug-and-play transparent avec une vari\u00e9t\u00e9 d&#039;\u00e9quipements HARMAN et vous permet de contr\u00f4ler l&#039;ensemble de votre syst\u00e8me de sonorisation en direct avec une seule application. Les produits du syst\u00e8me de sonorisation connect\u00e9e s&#039;identifient automatiquement et conservent les pr\u00e9r\u00e9glages pour une configuration sans effort, et des assistants de configuration vous aident \u00e0 optimiser rapidement les niveaux des enceintes, les param\u00e8tres de configuration et l&#039;\u00e9galiseur. Les produits actuels avec technologie ioSYS int\u00e9gr\u00e9e et compatibilit\u00e9 HARMAN Connected PA comprennent le m\u00e9langeur Ui24R, les haut-parleurs JBL PRX800W, les bo\u00eetes directes dbx Di1 et les microphones AKG P5i.  Caract\u00e9ristiques : - Wi-Fi int\u00e9gr\u00e9 pour un contr\u00f4le sans fil de votre syst\u00e8me depuis n&#039;importe quel endroit de la salle. - L&#039;application mobile gratuite PRX Connect pour iOS et Android offre un contr\u00f4le sans fil des niveaux de volume, un \u00e9galiseur param\u00e9trique 8 bandes et jusqu&#039;\u00e0 50 ms de retard des haut-parleurs pour un r\u00e9glage pr\u00e9cis de votre son. - L&#039;amplificateur de 1500 watts, le meilleur de sa cat\u00e9gorie, fournit une puissance suffisante pour remplir votre salle de concert. - Transducteurs diff\u00e9rentiels JBL Differential Drive pour des niveaux de pression acoustique plus \u00e9lev\u00e9s dans un design l\u00e9ger - Pilotes de compression de n\u00e9odyme JBL de nouvelle g\u00e9n\u00e9ration - Technologie d&#039;entr\u00e9e Crown redessin\u00e9e, y compris les entr\u00e9es XLR, 1\/4 et RCA plus les entr\u00e9es en boucle XLR - Ventilateur intelligent \u00e0 vitesse variable qui ne s&#039;active qu&#039;en cas de besoin pour r\u00e9duire le bruit. - La mise \u00e0 jour de l&#039;accord permet d&#039;obtenir une r\u00e9ponse en fr\u00e9quence plate et un comportement hors axe sans \u00e0-coups. - Enceintes en bois durable, finition DuraFlex \u00e9prouv\u00e9e et grilles de calibre 16 r\u00e9sistantes \u00e0 la corrosion. - Alimentation universelle pour une compatibilit\u00e9 mondiale - La limitation dbx Type IV assure un son clair et pr\u00e9cis \u00e0 haut volume. - Un r\u00e9gime d&#039;essai brutal, y compris le fameux essai de puissance de 100 heures JBL, garantit des performances fiables.  Sp\u00e9cifications : - Type de syst\u00e8me : Auto-aliment\u00e9 12&quot;, bidirectionnel, bass-reflex - Sortie SPL maximale : 135 dB cr\u00eate - Gamme de fr\u00e9quence (-10 dB) : Principal : 44,8 Hz - 20 kHz Moniteur : 44,8 Hz - 20 kHz - R\u00e9ponse en fr\u00e9quence (+\/-3 dB) : Principal : 55,7 Hz - 20 kHz Moniteur : 56,5 Hz - 20 kHz - Connecteurs d&#039;entr\u00e9e : 2 x entr\u00e9e XLR sym\u00e9trique \/ 1\/4 pouce, 2 x entr\u00e9e RCA asym\u00e9trique - Imp\u00e9dance d&#039;entr\u00e9e : 20K Ohms (sym\u00e9trique), 10K Ohms (asym\u00e9trique) - Indicateurs de signal : Limite - La DEL jaune indique que la sortie cr\u00eate a \u00e9t\u00e9 atteinte et que le limiteur dsp agit. Signal - La LED verte indique la pr\u00e9sence d&#039;un signal Alimentation - Le bleu indique que le syst\u00e8me est aliment\u00e9 et pr\u00eat \u00e0 passer l&#039;audio. - EQ : Pr\u00e9s\u00e9lections s\u00e9lectionnables par l&#039;utilisateur pour la position principale ou la position du moniteur, r\u00e9glages avanc\u00e9s d&#039;\u00e9galiseur disponibles avec les applications Wi-Fi et PRX Connect. - Contr\u00f4le dynamique (entr\u00e9e) : circuit limiteur dbx Type IV - Fr\u00e9quence de coupure : 1,85 kHz - Design : Amplificateur de classe D tr\u00e8s efficace - Puissance nominale : 1500W (750W x 2) - Entr\u00e9e d&#039;alimentation CA : 100V - 240V ~ 50\/60 Hz - LF Driver : 1 x JBL 272G 305 mm (12 in) woofer - Circuit d&#039;attaque HF : 1 x JBL 2408H-2 Membrane polym\u00e8re annulaire de 37,5 mm (1,5 po), circuit d&#039;attaque \u00e0 compression n\u00e9odyme - Mod\u00e8le de couverture : 90 x 50 degr\u00e9s nominal - Indice de directivit\u00e9 (DI) 10,2 dB - Facteur de directivit\u00e9 (Q) : 10,4 - Enceinte : Asym\u00e9trique, 18 mm, contreplaqu\u00e9 - Suspension \/ Montage : Prise double pour poteau 36 mm, 12 points de suspension M10 - Transport : 1 x poign\u00e9e moul\u00e9e par injection avec gobelet arri\u00e8re - Finition : Finition DuraFlex d&#039;obsidienne - Grille : Acier perfor\u00e9 de 16 jauges en Obsidienne, peint par poudrage, avec endos en tissu noir transparent acoustique. - Dimensions (H x L x P) : 599 mm x 385 mm x 341 mm (23,6 po x 15,1 po x 13,4 po) - Poids net : 40 lb \/ 18,1 kg\" \/>\n<meta property=\"og:url\" content=\"https:\/\/imageetson.ca\/en\/product\/jbl-prx812w\/\" \/>\n<meta property=\"og:site_name\" content=\"Image &amp; son\" \/>\n<meta property=\"article:modified_time\" content=\"2022-07-22T14:35:11+00:00\" \/>\n<meta property=\"og:image\" content=\"https:\/\/imageetson.ca\/wp-content\/uploads\/2022\/02\/prx812w_front_grille_z_vert_medium.png\" \/>\n\t<meta property=\"og:image:width\" content=\"320\" \/>\n\t<meta property=\"og:image:height\" content=\"400\" \/>\n\t<meta property=\"og:image:type\" content=\"image\/png\" \/>\n<meta name=\"twitter:card\" content=\"summary_large_image\" \/>\n<script type=\"application\/ld+json\" class=\"yoast-schema-graph\">{\"@context\":\"https:\\\/\\\/schema.org\",\"@graph\":[{\"@type\":\"WebPage\",\"@id\":\"https:\\\/\\\/imageetson.ca\\\/en\\\/product\\\/jbl-prx812w\\\/\",\"url\":\"https:\\\/\\\/imageetson.ca\\\/en\\\/product\\\/jbl-prx812w\\\/\",\"name\":\"JBL PRX812W | Image &amp; son\",\"isPartOf\":{\"@id\":\"https:\\\/\\\/imageetson.ca\\\/en\\\/#website\"},\"primaryImageOfPage\":{\"@id\":\"https:\\\/\\\/imageetson.ca\\\/en\\\/product\\\/jbl-prx812w\\\/#primaryimage\"},\"image\":{\"@id\":\"https:\\\/\\\/imageetson.ca\\\/en\\\/product\\\/jbl-prx812w\\\/#primaryimage\"},\"thumbnailUrl\":\"https:\\\/\\\/imageetson.ca\\\/wp-content\\\/uploads\\\/2022\\\/02\\\/prx812w_front_grille_z_vert_medium.png\",\"datePublished\":\"2022-07-21T20:42:15+00:00\",\"dateModified\":\"2022-07-22T14:35:11+00:00\",\"breadcrumb\":{\"@id\":\"https:\\\/\\\/imageetson.ca\\\/en\\\/product\\\/jbl-prx812w\\\/#breadcrumb\"},\"inLanguage\":\"en-US\",\"potentialAction\":[{\"@type\":\"ReadAction\",\"target\":[\"https:\\\/\\\/imageetson.ca\\\/en\\\/product\\\/jbl-prx812w\\\/\"]}]},{\"@type\":\"ImageObject\",\"inLanguage\":\"en-US\",\"@id\":\"https:\\\/\\\/imageetson.ca\\\/en\\\/product\\\/jbl-prx812w\\\/#primaryimage\",\"url\":\"https:\\\/\\\/imageetson.ca\\\/wp-content\\\/uploads\\\/2022\\\/02\\\/prx812w_front_grille_z_vert_medium.png\",\"contentUrl\":\"https:\\\/\\\/imageetson.ca\\\/wp-content\\\/uploads\\\/2022\\\/02\\\/prx812w_front_grille_z_vert_medium.png\",\"width\":320,\"height\":400},{\"@type\":\"BreadcrumbList\",\"@id\":\"https:\\\/\\\/imageetson.ca\\\/en\\\/product\\\/jbl-prx812w\\\/#breadcrumb\",\"itemListElement\":[{\"@type\":\"ListItem\",\"position\":1,\"name\":\"Home\",\"item\":\"https:\\\/\\\/imageetson.ca\\\/en\\\/\"},{\"@type\":\"ListItem\",\"position\":2,\"name\":\"Shop\",\"item\":\"https:\\\/\\\/imageetson.ca\\\/en\\\/shop\\\/\"},{\"@type\":\"ListItem\",\"position\":3,\"name\":\"JBL PRX812W\"}]},{\"@type\":\"WebSite\",\"@id\":\"https:\\\/\\\/imageetson.ca\\\/en\\\/#website\",\"url\":\"https:\\\/\\\/imageetson.ca\\\/en\\\/\",\"name\":\"Image &amp; son\",\"description\":\"Complice de vos \u00e9v\u00e9nements\",\"publisher\":{\"@id\":\"https:\\\/\\\/imageetson.ca\\\/en\\\/#organization\"},\"potentialAction\":[{\"@type\":\"SearchAction\",\"target\":{\"@type\":\"EntryPoint\",\"urlTemplate\":\"https:\\\/\\\/imageetson.ca\\\/en\\\/?s={search_term_string}\"},\"query-input\":{\"@type\":\"PropertyValueSpecification\",\"valueRequired\":true,\"valueName\":\"search_term_string\"}}],\"inLanguage\":\"en-US\"},{\"@type\":\"Organization\",\"@id\":\"https:\\\/\\\/imageetson.ca\\\/en\\\/#organization\",\"name\":\"Groupe Image & son\",\"url\":\"https:\\\/\\\/imageetson.ca\\\/en\\\/\",\"logo\":{\"@type\":\"ImageObject\",\"inLanguage\":\"en-US\",\"@id\":\"https:\\\/\\\/imageetson.ca\\\/en\\\/#\\\/schema\\\/logo\\\/image\\\/\",\"url\":\"https:\\\/\\\/imageetson.ca\\\/wp-content\\\/uploads\\\/2021\\\/07\\\/GroupeIS_logo.png\",\"contentUrl\":\"https:\\\/\\\/imageetson.ca\\\/wp-content\\\/uploads\\\/2021\\\/07\\\/GroupeIS_logo.png\",\"width\":380,\"height\":72,\"caption\":\"Groupe Image & son\"},\"image\":{\"@id\":\"https:\\\/\\\/imageetson.ca\\\/en\\\/#\\\/schema\\\/logo\\\/image\\\/\"}}]}<\/script>\n<!-- \/ Yoast SEO plugin. -->","yoast_head_json":{"title":"JBL PRX812W | Image &amp; son","robots":{"index":"index","follow":"follow","max-snippet":"max-snippet:-1","max-image-preview":"max-image-preview:large","max-video-preview":"max-video-preview:-1"},"canonical":"https:\/\/imageetson.ca\/en\/product\/jbl-prx812w\/","og_locale":"en_US","og_type":"article","og_title":"JBL PRX812W | Image &amp; son","og_description":"Le PRX812W est un haut-parleur \u00e0 large bande con\u00e7u pour les applications de syst\u00e8me principal et de moniteur de plancher. Dot\u00e9 d'un design bass-reflex bidirectionnel de 12\", aliment\u00e9 par un amplificateur de classe D de 1500 watts, le PRX812W offre un volume incroyable dans un format l\u00e9ger et compact.  La s\u00e9rie PRX800W int\u00e8gre la technologie ioSYS int\u00e9gr\u00e9e qui facilite la configuration et le contr\u00f4le lorsqu'elle est utilis\u00e9e avec l'application HARMAN Connected PA et les produits compatibles. Connected PA offre un fonctionnement plug-and-play transparent avec une vari\u00e9t\u00e9 d'\u00e9quipements HARMAN et vous permet de contr\u00f4ler l'ensemble de votre syst\u00e8me de sonorisation en direct avec une seule application. Les produits du syst\u00e8me de sonorisation connect\u00e9e s'identifient automatiquement et conservent les pr\u00e9r\u00e9glages pour une configuration sans effort, et des assistants de configuration vous aident \u00e0 optimiser rapidement les niveaux des enceintes, les param\u00e8tres de configuration et l'\u00e9galiseur. Les produits actuels avec technologie ioSYS int\u00e9gr\u00e9e et compatibilit\u00e9 HARMAN Connected PA comprennent le m\u00e9langeur Ui24R, les haut-parleurs JBL PRX800W, les bo\u00eetes directes dbx Di1 et les microphones AKG P5i.  Caract\u00e9ristiques : - Wi-Fi int\u00e9gr\u00e9 pour un contr\u00f4le sans fil de votre syst\u00e8me depuis n'importe quel endroit de la salle. - L'application mobile gratuite PRX Connect pour iOS et Android offre un contr\u00f4le sans fil des niveaux de volume, un \u00e9galiseur param\u00e9trique 8 bandes et jusqu'\u00e0 50 ms de retard des haut-parleurs pour un r\u00e9glage pr\u00e9cis de votre son. - L'amplificateur de 1500 watts, le meilleur de sa cat\u00e9gorie, fournit une puissance suffisante pour remplir votre salle de concert. - Transducteurs diff\u00e9rentiels JBL Differential Drive pour des niveaux de pression acoustique plus \u00e9lev\u00e9s dans un design l\u00e9ger - Pilotes de compression de n\u00e9odyme JBL de nouvelle g\u00e9n\u00e9ration - Technologie d'entr\u00e9e Crown redessin\u00e9e, y compris les entr\u00e9es XLR, 1\/4 et RCA plus les entr\u00e9es en boucle XLR - Ventilateur intelligent \u00e0 vitesse variable qui ne s'active qu'en cas de besoin pour r\u00e9duire le bruit. - La mise \u00e0 jour de l'accord permet d'obtenir une r\u00e9ponse en fr\u00e9quence plate et un comportement hors axe sans \u00e0-coups. - Enceintes en bois durable, finition DuraFlex \u00e9prouv\u00e9e et grilles de calibre 16 r\u00e9sistantes \u00e0 la corrosion. - Alimentation universelle pour une compatibilit\u00e9 mondiale - La limitation dbx Type IV assure un son clair et pr\u00e9cis \u00e0 haut volume. - Un r\u00e9gime d'essai brutal, y compris le fameux essai de puissance de 100 heures JBL, garantit des performances fiables.  Sp\u00e9cifications : - Type de syst\u00e8me : Auto-aliment\u00e9 12\", bidirectionnel, bass-reflex - Sortie SPL maximale : 135 dB cr\u00eate - Gamme de fr\u00e9quence (-10 dB) : Principal : 44,8 Hz - 20 kHz Moniteur : 44,8 Hz - 20 kHz - R\u00e9ponse en fr\u00e9quence (+\/-3 dB) : Principal : 55,7 Hz - 20 kHz Moniteur : 56,5 Hz - 20 kHz - Connecteurs d'entr\u00e9e : 2 x entr\u00e9e XLR sym\u00e9trique \/ 1\/4 pouce, 2 x entr\u00e9e RCA asym\u00e9trique - Imp\u00e9dance d'entr\u00e9e : 20K Ohms (sym\u00e9trique), 10K Ohms (asym\u00e9trique) - Indicateurs de signal : Limite - La DEL jaune indique que la sortie cr\u00eate a \u00e9t\u00e9 atteinte et que le limiteur dsp agit. Signal - La LED verte indique la pr\u00e9sence d'un signal Alimentation - Le bleu indique que le syst\u00e8me est aliment\u00e9 et pr\u00eat \u00e0 passer l'audio. - EQ : Pr\u00e9s\u00e9lections s\u00e9lectionnables par l'utilisateur pour la position principale ou la position du moniteur, r\u00e9glages avanc\u00e9s d'\u00e9galiseur disponibles avec les applications Wi-Fi et PRX Connect. - Contr\u00f4le dynamique (entr\u00e9e) : circuit limiteur dbx Type IV - Fr\u00e9quence de coupure : 1,85 kHz - Design : Amplificateur de classe D tr\u00e8s efficace - Puissance nominale : 1500W (750W x 2) - Entr\u00e9e d'alimentation CA : 100V - 240V ~ 50\/60 Hz - LF Driver : 1 x JBL 272G 305 mm (12 in) woofer - Circuit d'attaque HF : 1 x JBL 2408H-2 Membrane polym\u00e8re annulaire de 37,5 mm (1,5 po), circuit d'attaque \u00e0 compression n\u00e9odyme - Mod\u00e8le de couverture : 90 x 50 degr\u00e9s nominal - Indice de directivit\u00e9 (DI) 10,2 dB - Facteur de directivit\u00e9 (Q) : 10,4 - Enceinte : Asym\u00e9trique, 18 mm, contreplaqu\u00e9 - Suspension \/ Montage : Prise double pour poteau 36 mm, 12 points de suspension M10 - Transport : 1 x poign\u00e9e moul\u00e9e par injection avec gobelet arri\u00e8re - Finition : Finition DuraFlex d'obsidienne - Grille : Acier perfor\u00e9 de 16 jauges en Obsidienne, peint par poudrage, avec endos en tissu noir transparent acoustique. - Dimensions (H x L x P) : 599 mm x 385 mm x 341 mm (23,6 po x 15,1 po x 13,4 po) - Poids net : 40 lb \/ 18,1 kg","og_url":"https:\/\/imageetson.ca\/en\/product\/jbl-prx812w\/","og_site_name":"Image &amp; son","article_modified_time":"2022-07-22T14:35:11+00:00","og_image":[{"width":320,"height":400,"url":"https:\/\/imageetson.ca\/wp-content\/uploads\/2022\/02\/prx812w_front_grille_z_vert_medium.png","type":"image\/png"}],"twitter_card":"summary_large_image","schema":{"@context":"https:\/\/schema.org","@graph":[{"@type":"WebPage","@id":"https:\/\/imageetson.ca\/en\/product\/jbl-prx812w\/","url":"https:\/\/imageetson.ca\/en\/product\/jbl-prx812w\/","name":"JBL PRX812W | Image &amp; son","isPartOf":{"@id":"https:\/\/imageetson.ca\/en\/#website"},"primaryImageOfPage":{"@id":"https:\/\/imageetson.ca\/en\/product\/jbl-prx812w\/#primaryimage"},"image":{"@id":"https:\/\/imageetson.ca\/en\/product\/jbl-prx812w\/#primaryimage"},"thumbnailUrl":"https:\/\/imageetson.ca\/wp-content\/uploads\/2022\/02\/prx812w_front_grille_z_vert_medium.png","datePublished":"2022-07-21T20:42:15+00:00","dateModified":"2022-07-22T14:35:11+00:00","breadcrumb":{"@id":"https:\/\/imageetson.ca\/en\/product\/jbl-prx812w\/#breadcrumb"},"inLanguage":"en-US","potentialAction":[{"@type":"ReadAction","target":["https:\/\/imageetson.ca\/en\/product\/jbl-prx812w\/"]}]},{"@type":"ImageObject","inLanguage":"en-US","@id":"https:\/\/imageetson.ca\/en\/product\/jbl-prx812w\/#primaryimage","url":"https:\/\/imageetson.ca\/wp-content\/uploads\/2022\/02\/prx812w_front_grille_z_vert_medium.png","contentUrl":"https:\/\/imageetson.ca\/wp-content\/uploads\/2022\/02\/prx812w_front_grille_z_vert_medium.png","width":320,"height":400},{"@type":"BreadcrumbList","@id":"https:\/\/imageetson.ca\/en\/product\/jbl-prx812w\/#breadcrumb","itemListElement":[{"@type":"ListItem","position":1,"name":"Home","item":"https:\/\/imageetson.ca\/en\/"},{"@type":"ListItem","position":2,"name":"Shop","item":"https:\/\/imageetson.ca\/en\/shop\/"},{"@type":"ListItem","position":3,"name":"JBL PRX812W"}]},{"@type":"WebSite","@id":"https:\/\/imageetson.ca\/en\/#website","url":"https:\/\/imageetson.ca\/en\/","name":"Image &amp; son","description":"Complice de vos \u00e9v\u00e9nements","publisher":{"@id":"https:\/\/imageetson.ca\/en\/#organization"},"potentialAction":[{"@type":"SearchAction","target":{"@type":"EntryPoint","urlTemplate":"https:\/\/imageetson.ca\/en\/?s={search_term_string}"},"query-input":{"@type":"PropertyValueSpecification","valueRequired":true,"valueName":"search_term_string"}}],"inLanguage":"en-US"},{"@type":"Organization","@id":"https:\/\/imageetson.ca\/en\/#organization","name":"Groupe Image & son","url":"https:\/\/imageetson.ca\/en\/","logo":{"@type":"ImageObject","inLanguage":"en-US","@id":"https:\/\/imageetson.ca\/en\/#\/schema\/logo\/image\/","url":"https:\/\/imageetson.ca\/wp-content\/uploads\/2021\/07\/GroupeIS_logo.png","contentUrl":"https:\/\/imageetson.ca\/wp-content\/uploads\/2021\/07\/GroupeIS_logo.png","width":380,"height":72,"caption":"Groupe Image & son"},"image":{"@id":"https:\/\/imageetson.ca\/en\/#\/schema\/logo\/image\/"}}]}},"_links":{"self":[{"href":"https:\/\/imageetson.ca\/en\/wp-json\/wp\/v2\/product\/14658","targetHints":{"allow":["GET"]}}],"collection":[{"href":"https:\/\/imageetson.ca\/en\/wp-json\/wp\/v2\/product"}],"about":[{"href":"https:\/\/imageetson.ca\/en\/wp-json\/wp\/v2\/types\/product"}],"replies":[{"embeddable":true,"href":"https:\/\/imageetson.ca\/en\/wp-json\/wp\/v2\/comments?post=14658"}],"version-history":[{"count":1,"href":"https:\/\/imageetson.ca\/en\/wp-json\/wp\/v2\/product\/14658\/revisions"}],"predecessor-version":[{"id":14659,"href":"https:\/\/imageetson.ca\/en\/wp-json\/wp\/v2\/product\/14658\/revisions\/14659"}],"wp:featuredmedia":[{"embeddable":true,"href":"https:\/\/imageetson.ca\/en\/wp-json\/wp\/v2\/media\/14179"}],"wp:attachment":[{"href":"https:\/\/imageetson.ca\/en\/wp-json\/wp\/v2\/media?parent=14658"}],"wp:term":[{"taxonomy":"product_brand","embeddable":true,"href":"https:\/\/imageetson.ca\/en\/wp-json\/wp\/v2\/product_brand?post=14658"},{"taxonomy":"product_cat","embeddable":true,"href":"https:\/\/imageetson.ca\/en\/wp-json\/wp\/v2\/product_cat?post=14658"},{"taxonomy":"product_tag","embeddable":true,"href":"https:\/\/imageetson.ca\/en\/wp-json\/wp\/v2\/product_tag?post=14658"}],"curies":[{"name":"wp","href":"https:\/\/api.w.org\/{rel}","templated":true}]}}