{"id":14660,"date":"2022-07-21T16:42:14","date_gmt":"2022-07-21T20:42:14","guid":{"rendered":"https:\/\/imageetson.ca\/product\/behringer-b215d-550-watts\/"},"modified":"2022-07-22T10:36:45","modified_gmt":"2022-07-22T14:36:45","slug":"behringer-b215d-550-watts","status":"publish","type":"product","link":"https:\/\/imageetson.ca\/en\/product\/behringer-b215d-550-watts\/","title":{"rendered":"Behringer B215D 550 watts"},"content":{"rendered":"","protected":false},"excerpt":{"rendered":"<p>Behringer B215D: Enceintes amplifi\u00e9es compactes et l\u00e9g\u00e8res de 550 Watts avec Woofer de 15\u201d et Tweeter de 1.35&#8243;. Excellente protection gr\u00e2ce au processeur \u00e9lectronique interne et munies de basses tr\u00e8s profondes. Les Tweeter offrant une reproduction exceptionnelle \u00e0 dispersion ultra-large. Entr\u00e9es micros\/lignes avec r\u00e9glage de volume et Led de cr\u00eate. \u00c9galiseur 2 bandes permettant une correction en fr\u00e9quence parfaite. Conception permettant l\u2019utilisation en position moniteur retour de sc\u00e8ne ou en diffusion sonore sur pieds.<\/p>\n","protected":false},"featured_media":14181,"comment_status":"open","ping_status":"closed","template":"","meta":[],"product_brand":[],"product_cat":[99,93],"product_tag":[],"class_list":{"0":"post-14660","1":"product","2":"type-product","3":"status-publish","4":"has-post-thumbnail","6":"product_cat-equipment-purchases","7":"product_cat-featured-products","9":"first","10":"instock","11":"sale","12":"taxable","13":"shipping-taxable","14":"purchasable","15":"product-type-variable"},"yoast_head":"<!-- This site is optimized with the Yoast SEO plugin v27.3 - https:\/\/yoast.com\/product\/yoast-seo-wordpress\/ -->\n<title>Behringer B215D 550 watts | Image &amp; son<\/title>\n<meta name=\"robots\" content=\"index, follow, max-snippet:-1, max-image-preview:large, max-video-preview:-1\" \/>\n<link rel=\"canonical\" href=\"https:\/\/imageetson.ca\/en\/product\/behringer-b215d-550-watts\/\" \/>\n<meta property=\"og:locale\" content=\"en_US\" \/>\n<meta property=\"og:type\" content=\"article\" \/>\n<meta property=\"og:title\" content=\"Behringer B215D 550 watts | Image &amp; son\" \/>\n<meta property=\"og:description\" content=\"Behringer B215D: Enceintes amplifi\u00e9es compactes et l\u00e9g\u00e8res de 550 Watts avec Woofer de 15\u201d et Tweeter de 1.35&quot;. Excellente protection gr\u00e2ce au processeur \u00e9lectronique interne et munies de basses tr\u00e8s profondes. Les Tweeter offrant une reproduction exceptionnelle \u00e0 dispersion ultra-large. Entr\u00e9es micros\/lignes avec r\u00e9glage de volume et Led de cr\u00eate. \u00c9galiseur 2 bandes permettant une correction en fr\u00e9quence parfaite. Conception permettant l\u2019utilisation en position moniteur retour de sc\u00e8ne ou en diffusion sonore sur pieds.\" \/>\n<meta property=\"og:url\" content=\"https:\/\/imageetson.ca\/en\/product\/behringer-b215d-550-watts\/\" \/>\n<meta property=\"og:site_name\" content=\"Image &amp; son\" \/>\n<meta property=\"article:modified_time\" content=\"2022-07-22T14:36:45+00:00\" \/>\n<meta property=\"og:image\" content=\"https:\/\/imageetson.ca\/wp-content\/uploads\/2021\/10\/GroupeIS_Produits700x800-B215D-1.jpg\" \/>\n\t<meta property=\"og:image:width\" content=\"700\" \/>\n\t<meta property=\"og:image:height\" content=\"800\" \/>\n\t<meta property=\"og:image:type\" content=\"image\/jpeg\" \/>\n<meta name=\"twitter:card\" content=\"summary_large_image\" \/>\n<script type=\"application\/ld+json\" class=\"yoast-schema-graph\">{\"@context\":\"https:\\\/\\\/schema.org\",\"@graph\":[{\"@type\":\"WebPage\",\"@id\":\"https:\\\/\\\/imageetson.ca\\\/en\\\/product\\\/behringer-b215d-550-watts\\\/\",\"url\":\"https:\\\/\\\/imageetson.ca\\\/en\\\/product\\\/behringer-b215d-550-watts\\\/\",\"name\":\"Behringer B215D 550 watts | Image &amp; son\",\"isPartOf\":{\"@id\":\"https:\\\/\\\/imageetson.ca\\\/en\\\/#website\"},\"primaryImageOfPage\":{\"@id\":\"https:\\\/\\\/imageetson.ca\\\/en\\\/product\\\/behringer-b215d-550-watts\\\/#primaryimage\"},\"image\":{\"@id\":\"https:\\\/\\\/imageetson.ca\\\/en\\\/product\\\/behringer-b215d-550-watts\\\/#primaryimage\"},\"thumbnailUrl\":\"https:\\\/\\\/imageetson.ca\\\/wp-content\\\/uploads\\\/2021\\\/10\\\/GroupeIS_Produits700x800-B215D-1.jpg\",\"datePublished\":\"2022-07-21T20:42:14+00:00\",\"dateModified\":\"2022-07-22T14:36:45+00:00\",\"breadcrumb\":{\"@id\":\"https:\\\/\\\/imageetson.ca\\\/en\\\/product\\\/behringer-b215d-550-watts\\\/#breadcrumb\"},\"inLanguage\":\"en-US\",\"potentialAction\":[{\"@type\":\"ReadAction\",\"target\":[\"https:\\\/\\\/imageetson.ca\\\/en\\\/product\\\/behringer-b215d-550-watts\\\/\"]}]},{\"@type\":\"ImageObject\",\"inLanguage\":\"en-US\",\"@id\":\"https:\\\/\\\/imageetson.ca\\\/en\\\/product\\\/behringer-b215d-550-watts\\\/#primaryimage\",\"url\":\"https:\\\/\\\/imageetson.ca\\\/wp-content\\\/uploads\\\/2021\\\/10\\\/GroupeIS_Produits700x800-B215D-1.jpg\",\"contentUrl\":\"https:\\\/\\\/imageetson.ca\\\/wp-content\\\/uploads\\\/2021\\\/10\\\/GroupeIS_Produits700x800-B215D-1.jpg\",\"width\":700,\"height\":800,\"caption\":\"Behri1\"},{\"@type\":\"BreadcrumbList\",\"@id\":\"https:\\\/\\\/imageetson.ca\\\/en\\\/product\\\/behringer-b215d-550-watts\\\/#breadcrumb\",\"itemListElement\":[{\"@type\":\"ListItem\",\"position\":1,\"name\":\"Home\",\"item\":\"https:\\\/\\\/imageetson.ca\\\/en\\\/\"},{\"@type\":\"ListItem\",\"position\":2,\"name\":\"Shop\",\"item\":\"https:\\\/\\\/imageetson.ca\\\/en\\\/shop\\\/\"},{\"@type\":\"ListItem\",\"position\":3,\"name\":\"Behringer B215D 550 watts\"}]},{\"@type\":\"WebSite\",\"@id\":\"https:\\\/\\\/imageetson.ca\\\/en\\\/#website\",\"url\":\"https:\\\/\\\/imageetson.ca\\\/en\\\/\",\"name\":\"Image &amp; son\",\"description\":\"Complice de vos \u00e9v\u00e9nements\",\"publisher\":{\"@id\":\"https:\\\/\\\/imageetson.ca\\\/en\\\/#organization\"},\"potentialAction\":[{\"@type\":\"SearchAction\",\"target\":{\"@type\":\"EntryPoint\",\"urlTemplate\":\"https:\\\/\\\/imageetson.ca\\\/en\\\/?s={search_term_string}\"},\"query-input\":{\"@type\":\"PropertyValueSpecification\",\"valueRequired\":true,\"valueName\":\"search_term_string\"}}],\"inLanguage\":\"en-US\"},{\"@type\":\"Organization\",\"@id\":\"https:\\\/\\\/imageetson.ca\\\/en\\\/#organization\",\"name\":\"Groupe Image & son\",\"url\":\"https:\\\/\\\/imageetson.ca\\\/en\\\/\",\"logo\":{\"@type\":\"ImageObject\",\"inLanguage\":\"en-US\",\"@id\":\"https:\\\/\\\/imageetson.ca\\\/en\\\/#\\\/schema\\\/logo\\\/image\\\/\",\"url\":\"https:\\\/\\\/imageetson.ca\\\/wp-content\\\/uploads\\\/2021\\\/07\\\/GroupeIS_logo.png\",\"contentUrl\":\"https:\\\/\\\/imageetson.ca\\\/wp-content\\\/uploads\\\/2021\\\/07\\\/GroupeIS_logo.png\",\"width\":380,\"height\":72,\"caption\":\"Groupe Image & son\"},\"image\":{\"@id\":\"https:\\\/\\\/imageetson.ca\\\/en\\\/#\\\/schema\\\/logo\\\/image\\\/\"}}]}<\/script>\n<!-- \/ Yoast SEO plugin. -->","yoast_head_json":{"title":"Behringer B215D 550 watts | Image &amp; son","robots":{"index":"index","follow":"follow","max-snippet":"max-snippet:-1","max-image-preview":"max-image-preview:large","max-video-preview":"max-video-preview:-1"},"canonical":"https:\/\/imageetson.ca\/en\/product\/behringer-b215d-550-watts\/","og_locale":"en_US","og_type":"article","og_title":"Behringer B215D 550 watts | Image &amp; son","og_description":"Behringer B215D: Enceintes amplifi\u00e9es compactes et l\u00e9g\u00e8res de 550 Watts avec Woofer de 15\u201d et Tweeter de 1.35\". Excellente protection gr\u00e2ce au processeur \u00e9lectronique interne et munies de basses tr\u00e8s profondes. Les Tweeter offrant une reproduction exceptionnelle \u00e0 dispersion ultra-large. Entr\u00e9es micros\/lignes avec r\u00e9glage de volume et Led de cr\u00eate. \u00c9galiseur 2 bandes permettant une correction en fr\u00e9quence parfaite. Conception permettant l\u2019utilisation en position moniteur retour de sc\u00e8ne ou en diffusion sonore sur pieds.","og_url":"https:\/\/imageetson.ca\/en\/product\/behringer-b215d-550-watts\/","og_site_name":"Image &amp; son","article_modified_time":"2022-07-22T14:36:45+00:00","og_image":[{"width":700,"height":800,"url":"https:\/\/imageetson.ca\/wp-content\/uploads\/2021\/10\/GroupeIS_Produits700x800-B215D-1.jpg","type":"image\/jpeg"}],"twitter_card":"summary_large_image","schema":{"@context":"https:\/\/schema.org","@graph":[{"@type":"WebPage","@id":"https:\/\/imageetson.ca\/en\/product\/behringer-b215d-550-watts\/","url":"https:\/\/imageetson.ca\/en\/product\/behringer-b215d-550-watts\/","name":"Behringer B215D 550 watts | Image &amp; son","isPartOf":{"@id":"https:\/\/imageetson.ca\/en\/#website"},"primaryImageOfPage":{"@id":"https:\/\/imageetson.ca\/en\/product\/behringer-b215d-550-watts\/#primaryimage"},"image":{"@id":"https:\/\/imageetson.ca\/en\/product\/behringer-b215d-550-watts\/#primaryimage"},"thumbnailUrl":"https:\/\/imageetson.ca\/wp-content\/uploads\/2021\/10\/GroupeIS_Produits700x800-B215D-1.jpg","datePublished":"2022-07-21T20:42:14+00:00","dateModified":"2022-07-22T14:36:45+00:00","breadcrumb":{"@id":"https:\/\/imageetson.ca\/en\/product\/behringer-b215d-550-watts\/#breadcrumb"},"inLanguage":"en-US","potentialAction":[{"@type":"ReadAction","target":["https:\/\/imageetson.ca\/en\/product\/behringer-b215d-550-watts\/"]}]},{"@type":"ImageObject","inLanguage":"en-US","@id":"https:\/\/imageetson.ca\/en\/product\/behringer-b215d-550-watts\/#primaryimage","url":"https:\/\/imageetson.ca\/wp-content\/uploads\/2021\/10\/GroupeIS_Produits700x800-B215D-1.jpg","contentUrl":"https:\/\/imageetson.ca\/wp-content\/uploads\/2021\/10\/GroupeIS_Produits700x800-B215D-1.jpg","width":700,"height":800,"caption":"Behri1"},{"@type":"BreadcrumbList","@id":"https:\/\/imageetson.ca\/en\/product\/behringer-b215d-550-watts\/#breadcrumb","itemListElement":[{"@type":"ListItem","position":1,"name":"Home","item":"https:\/\/imageetson.ca\/en\/"},{"@type":"ListItem","position":2,"name":"Shop","item":"https:\/\/imageetson.ca\/en\/shop\/"},{"@type":"ListItem","position":3,"name":"Behringer B215D 550 watts"}]},{"@type":"WebSite","@id":"https:\/\/imageetson.ca\/en\/#website","url":"https:\/\/imageetson.ca\/en\/","name":"Image &amp; son","description":"Complice de vos \u00e9v\u00e9nements","publisher":{"@id":"https:\/\/imageetson.ca\/en\/#organization"},"potentialAction":[{"@type":"SearchAction","target":{"@type":"EntryPoint","urlTemplate":"https:\/\/imageetson.ca\/en\/?s={search_term_string}"},"query-input":{"@type":"PropertyValueSpecification","valueRequired":true,"valueName":"search_term_string"}}],"inLanguage":"en-US"},{"@type":"Organization","@id":"https:\/\/imageetson.ca\/en\/#organization","name":"Groupe Image & son","url":"https:\/\/imageetson.ca\/en\/","logo":{"@type":"ImageObject","inLanguage":"en-US","@id":"https:\/\/imageetson.ca\/en\/#\/schema\/logo\/image\/","url":"https:\/\/imageetson.ca\/wp-content\/uploads\/2021\/07\/GroupeIS_logo.png","contentUrl":"https:\/\/imageetson.ca\/wp-content\/uploads\/2021\/07\/GroupeIS_logo.png","width":380,"height":72,"caption":"Groupe Image & son"},"image":{"@id":"https:\/\/imageetson.ca\/en\/#\/schema\/logo\/image\/"}}]}},"_links":{"self":[{"href":"https:\/\/imageetson.ca\/en\/wp-json\/wp\/v2\/product\/14660","targetHints":{"allow":["GET"]}}],"collection":[{"href":"https:\/\/imageetson.ca\/en\/wp-json\/wp\/v2\/product"}],"about":[{"href":"https:\/\/imageetson.ca\/en\/wp-json\/wp\/v2\/types\/product"}],"replies":[{"embeddable":true,"href":"https:\/\/imageetson.ca\/en\/wp-json\/wp\/v2\/comments?post=14660"}],"version-history":[{"count":1,"href":"https:\/\/imageetson.ca\/en\/wp-json\/wp\/v2\/product\/14660\/revisions"}],"predecessor-version":[{"id":14663,"href":"https:\/\/imageetson.ca\/en\/wp-json\/wp\/v2\/product\/14660\/revisions\/14663"}],"wp:featuredmedia":[{"embeddable":true,"href":"https:\/\/imageetson.ca\/en\/wp-json\/wp\/v2\/media\/14181"}],"wp:attachment":[{"href":"https:\/\/imageetson.ca\/en\/wp-json\/wp\/v2\/media?parent=14660"}],"wp:term":[{"taxonomy":"product_brand","embeddable":true,"href":"https:\/\/imageetson.ca\/en\/wp-json\/wp\/v2\/product_brand?post=14660"},{"taxonomy":"product_cat","embeddable":true,"href":"https:\/\/imageetson.ca\/en\/wp-json\/wp\/v2\/product_cat?post=14660"},{"taxonomy":"product_tag","embeddable":true,"href":"https:\/\/imageetson.ca\/en\/wp-json\/wp\/v2\/product_tag?post=14660"}],"curies":[{"name":"wp","href":"https:\/\/api.w.org\/{rel}","templated":true}]}}