{"id":14686,"date":"2022-07-21T16:42:12","date_gmt":"2022-07-21T20:42:12","guid":{"rendered":"https:\/\/imageetson.ca\/product\/forfait-6-dj-pro-live-plus-show\/"},"modified":"2022-07-22T10:49:31","modified_gmt":"2022-07-22T14:49:31","slug":"forfait-6-dj-pro-live-plus-show","status":"publish","type":"product","link":"https:\/\/imageetson.ca\/en\/product\/forfait-6-dj-pro-live-plus-show\/","title":{"rendered":"Package #6 &#8211; DJ Pro Live Plus Show"},"content":{"rendered":"","protected":false},"excerpt":{"rendered":"<p><strong>Inclus dans le kit:<\/strong><\/p>\n<ul>\n<li>2x JBL PRX612M boite active 2 voies 12&#8243; 1000w 134db 34.5 lbs<\/li>\n<li>2x JBL PRX715-XLF sub actif 1500 watts 131db 56 lbs<\/li>\n<li>1x Behringer UB1204-PRO console Ultra Low-Noise 12 Canaux<\/li>\n<li>1x Shure BLX24\/SM58-H8 syst\u00e8me sans fil \u00e0 main avec micro SM58<\/li>\n<li>2x Sonoflex DB075B p\u00f4le avec filet M20<\/li>\n<li>1x Sonoflex BB103-10FT c\u00e2ble xlr 10\u2019<\/li>\n<li>1x Sonoflex BB103-25FT c\u00e2ble xlr 25<\/li>\n<li>1x Sonoflex BB103-50FT. c\u00e2ble xlr 50&#8242;<\/li>\n<li>1x Sonoflex BB317-10FT c\u00e2ble signal 1\/8 &#8211; 1\u204441\u20444 10&#8242;<\/li>\n<li>2x Sonoflex BF103-10FT combo IEC-XLR 10&#8242;<\/li>\n<li>2x Lumi LU85-25 extension \u00e9lectrique 14\/3 25&#8242;<\/li>\n<li>1x Sonoflex BE105 c\u00e2ble IEC 16awg 5&#8242;<\/li>\n<li>12x LCG-1207 Dice 6 RGBWA\/UV 84 watts<\/li>\n<li>12x PowerCon &#8211; AC<\/li>\n<\/ul>\n","protected":false},"featured_media":14083,"comment_status":"open","ping_status":"closed","template":"","meta":[],"product_brand":[],"product_cat":[96],"product_tag":[],"class_list":{"0":"post-14686","1":"product","2":"type-product","3":"status-publish","4":"has-post-thumbnail","6":"product_cat-equipment-rentals","8":"first","9":"instock","10":"taxable","11":"shipping-taxable","12":"purchasable","13":"product-type-simple"},"yoast_head":"<!-- This site is optimized with the Yoast SEO plugin v27.3 - https:\/\/yoast.com\/product\/yoast-seo-wordpress\/ -->\n<title>Package #6 - DJ Pro Live Plus Show | Image &amp; son<\/title>\n<meta name=\"robots\" content=\"index, follow, max-snippet:-1, max-image-preview:large, max-video-preview:-1\" \/>\n<link rel=\"canonical\" href=\"https:\/\/imageetson.ca\/en\/product\/forfait-6-dj-pro-live-plus-show\/\" \/>\n<meta property=\"og:locale\" content=\"en_US\" \/>\n<meta property=\"og:type\" content=\"article\" \/>\n<meta property=\"og:title\" content=\"Package #6 - DJ Pro Live Plus Show | Image &amp; son\" \/>\n<meta property=\"og:description\" content=\"Inclus dans le kit:   2x JBL PRX612M boite active 2 voies 12&quot; 1000w 134db 34.5 lbs  2x JBL PRX715-XLF sub actif 1500 watts 131db 56 lbs  1x Behringer UB1204-PRO console Ultra Low-Noise 12 Canaux  1x Shure BLX24\/SM58-H8 syst\u00e8me sans fil \u00e0 main avec micro SM58  2x Sonoflex DB075B p\u00f4le avec filet M20  1x Sonoflex BB103-10FT c\u00e2ble xlr 10\u2019  1x Sonoflex BB103-25FT c\u00e2ble xlr 25  1x Sonoflex BB103-50FT. c\u00e2ble xlr 50&#039;  1x Sonoflex BB317-10FT c\u00e2ble signal 1\/8 - 1\u204441\u20444 10&#039;  2x Sonoflex BF103-10FT combo IEC-XLR 10&#039;  2x Lumi LU85-25 extension \u00e9lectrique 14\/3 25&#039;  1x Sonoflex BE105 c\u00e2ble IEC 16awg 5&#039;  12x LCG-1207 Dice 6 RGBWA\/UV 84 watts  12x PowerCon - AC\" \/>\n<meta property=\"og:url\" content=\"https:\/\/imageetson.ca\/en\/product\/forfait-6-dj-pro-live-plus-show\/\" \/>\n<meta property=\"og:site_name\" content=\"Image &amp; son\" \/>\n<meta property=\"article:modified_time\" content=\"2022-07-22T14:49:31+00:00\" \/>\n<meta property=\"og:image\" content=\"https:\/\/imageetson.ca\/wp-content\/uploads\/2021\/07\/GroupeIS_Produits700x800-Forfait6.jpg\" \/>\n\t<meta property=\"og:image:width\" content=\"700\" \/>\n\t<meta property=\"og:image:height\" content=\"800\" \/>\n\t<meta property=\"og:image:type\" content=\"image\/jpeg\" \/>\n<meta name=\"twitter:card\" content=\"summary_large_image\" \/>\n<script type=\"application\/ld+json\" class=\"yoast-schema-graph\">{\"@context\":\"https:\\\/\\\/schema.org\",\"@graph\":[{\"@type\":\"WebPage\",\"@id\":\"https:\\\/\\\/imageetson.ca\\\/en\\\/product\\\/forfait-6-dj-pro-live-plus-show\\\/\",\"url\":\"https:\\\/\\\/imageetson.ca\\\/en\\\/product\\\/forfait-6-dj-pro-live-plus-show\\\/\",\"name\":\"Package #6 - DJ Pro Live Plus Show | Image &amp; son\",\"isPartOf\":{\"@id\":\"https:\\\/\\\/imageetson.ca\\\/en\\\/#website\"},\"primaryImageOfPage\":{\"@id\":\"https:\\\/\\\/imageetson.ca\\\/en\\\/product\\\/forfait-6-dj-pro-live-plus-show\\\/#primaryimage\"},\"image\":{\"@id\":\"https:\\\/\\\/imageetson.ca\\\/en\\\/product\\\/forfait-6-dj-pro-live-plus-show\\\/#primaryimage\"},\"thumbnailUrl\":\"https:\\\/\\\/imageetson.ca\\\/wp-content\\\/uploads\\\/2021\\\/07\\\/GroupeIS_Produits700x800-Forfait6.jpg\",\"datePublished\":\"2022-07-21T20:42:12+00:00\",\"dateModified\":\"2022-07-22T14:49:31+00:00\",\"breadcrumb\":{\"@id\":\"https:\\\/\\\/imageetson.ca\\\/en\\\/product\\\/forfait-6-dj-pro-live-plus-show\\\/#breadcrumb\"},\"inLanguage\":\"en-US\",\"potentialAction\":[{\"@type\":\"ReadAction\",\"target\":[\"https:\\\/\\\/imageetson.ca\\\/en\\\/product\\\/forfait-6-dj-pro-live-plus-show\\\/\"]}]},{\"@type\":\"ImageObject\",\"inLanguage\":\"en-US\",\"@id\":\"https:\\\/\\\/imageetson.ca\\\/en\\\/product\\\/forfait-6-dj-pro-live-plus-show\\\/#primaryimage\",\"url\":\"https:\\\/\\\/imageetson.ca\\\/wp-content\\\/uploads\\\/2021\\\/07\\\/GroupeIS_Produits700x800-Forfait6.jpg\",\"contentUrl\":\"https:\\\/\\\/imageetson.ca\\\/wp-content\\\/uploads\\\/2021\\\/07\\\/GroupeIS_Produits700x800-Forfait6.jpg\",\"width\":700,\"height\":800},{\"@type\":\"BreadcrumbList\",\"@id\":\"https:\\\/\\\/imageetson.ca\\\/en\\\/product\\\/forfait-6-dj-pro-live-plus-show\\\/#breadcrumb\",\"itemListElement\":[{\"@type\":\"ListItem\",\"position\":1,\"name\":\"Home\",\"item\":\"https:\\\/\\\/imageetson.ca\\\/en\\\/\"},{\"@type\":\"ListItem\",\"position\":2,\"name\":\"Shop\",\"item\":\"https:\\\/\\\/imageetson.ca\\\/en\\\/shop\\\/\"},{\"@type\":\"ListItem\",\"position\":3,\"name\":\"Package #6 &#8211; DJ Pro Live Plus Show\"}]},{\"@type\":\"WebSite\",\"@id\":\"https:\\\/\\\/imageetson.ca\\\/en\\\/#website\",\"url\":\"https:\\\/\\\/imageetson.ca\\\/en\\\/\",\"name\":\"Image &amp; son\",\"description\":\"Complice de vos \u00e9v\u00e9nements\",\"publisher\":{\"@id\":\"https:\\\/\\\/imageetson.ca\\\/en\\\/#organization\"},\"potentialAction\":[{\"@type\":\"SearchAction\",\"target\":{\"@type\":\"EntryPoint\",\"urlTemplate\":\"https:\\\/\\\/imageetson.ca\\\/en\\\/?s={search_term_string}\"},\"query-input\":{\"@type\":\"PropertyValueSpecification\",\"valueRequired\":true,\"valueName\":\"search_term_string\"}}],\"inLanguage\":\"en-US\"},{\"@type\":\"Organization\",\"@id\":\"https:\\\/\\\/imageetson.ca\\\/en\\\/#organization\",\"name\":\"Groupe Image & son\",\"url\":\"https:\\\/\\\/imageetson.ca\\\/en\\\/\",\"logo\":{\"@type\":\"ImageObject\",\"inLanguage\":\"en-US\",\"@id\":\"https:\\\/\\\/imageetson.ca\\\/en\\\/#\\\/schema\\\/logo\\\/image\\\/\",\"url\":\"https:\\\/\\\/imageetson.ca\\\/wp-content\\\/uploads\\\/2021\\\/07\\\/GroupeIS_logo.png\",\"contentUrl\":\"https:\\\/\\\/imageetson.ca\\\/wp-content\\\/uploads\\\/2021\\\/07\\\/GroupeIS_logo.png\",\"width\":380,\"height\":72,\"caption\":\"Groupe Image & son\"},\"image\":{\"@id\":\"https:\\\/\\\/imageetson.ca\\\/en\\\/#\\\/schema\\\/logo\\\/image\\\/\"}}]}<\/script>\n<!-- \/ Yoast SEO plugin. -->","yoast_head_json":{"title":"Package #6 - DJ Pro Live Plus Show | Image &amp; son","robots":{"index":"index","follow":"follow","max-snippet":"max-snippet:-1","max-image-preview":"max-image-preview:large","max-video-preview":"max-video-preview:-1"},"canonical":"https:\/\/imageetson.ca\/en\/product\/forfait-6-dj-pro-live-plus-show\/","og_locale":"en_US","og_type":"article","og_title":"Package #6 - DJ Pro Live Plus Show | Image &amp; son","og_description":"Inclus dans le kit:   2x JBL PRX612M boite active 2 voies 12\" 1000w 134db 34.5 lbs  2x JBL PRX715-XLF sub actif 1500 watts 131db 56 lbs  1x Behringer UB1204-PRO console Ultra Low-Noise 12 Canaux  1x Shure BLX24\/SM58-H8 syst\u00e8me sans fil \u00e0 main avec micro SM58  2x Sonoflex DB075B p\u00f4le avec filet M20  1x Sonoflex BB103-10FT c\u00e2ble xlr 10\u2019  1x Sonoflex BB103-25FT c\u00e2ble xlr 25  1x Sonoflex BB103-50FT. c\u00e2ble xlr 50'  1x Sonoflex BB317-10FT c\u00e2ble signal 1\/8 - 1\u204441\u20444 10'  2x Sonoflex BF103-10FT combo IEC-XLR 10'  2x Lumi LU85-25 extension \u00e9lectrique 14\/3 25'  1x Sonoflex BE105 c\u00e2ble IEC 16awg 5'  12x LCG-1207 Dice 6 RGBWA\/UV 84 watts  12x PowerCon - AC","og_url":"https:\/\/imageetson.ca\/en\/product\/forfait-6-dj-pro-live-plus-show\/","og_site_name":"Image &amp; son","article_modified_time":"2022-07-22T14:49:31+00:00","og_image":[{"width":700,"height":800,"url":"https:\/\/imageetson.ca\/wp-content\/uploads\/2021\/07\/GroupeIS_Produits700x800-Forfait6.jpg","type":"image\/jpeg"}],"twitter_card":"summary_large_image","schema":{"@context":"https:\/\/schema.org","@graph":[{"@type":"WebPage","@id":"https:\/\/imageetson.ca\/en\/product\/forfait-6-dj-pro-live-plus-show\/","url":"https:\/\/imageetson.ca\/en\/product\/forfait-6-dj-pro-live-plus-show\/","name":"Package #6 - DJ Pro Live Plus Show | Image &amp; son","isPartOf":{"@id":"https:\/\/imageetson.ca\/en\/#website"},"primaryImageOfPage":{"@id":"https:\/\/imageetson.ca\/en\/product\/forfait-6-dj-pro-live-plus-show\/#primaryimage"},"image":{"@id":"https:\/\/imageetson.ca\/en\/product\/forfait-6-dj-pro-live-plus-show\/#primaryimage"},"thumbnailUrl":"https:\/\/imageetson.ca\/wp-content\/uploads\/2021\/07\/GroupeIS_Produits700x800-Forfait6.jpg","datePublished":"2022-07-21T20:42:12+00:00","dateModified":"2022-07-22T14:49:31+00:00","breadcrumb":{"@id":"https:\/\/imageetson.ca\/en\/product\/forfait-6-dj-pro-live-plus-show\/#breadcrumb"},"inLanguage":"en-US","potentialAction":[{"@type":"ReadAction","target":["https:\/\/imageetson.ca\/en\/product\/forfait-6-dj-pro-live-plus-show\/"]}]},{"@type":"ImageObject","inLanguage":"en-US","@id":"https:\/\/imageetson.ca\/en\/product\/forfait-6-dj-pro-live-plus-show\/#primaryimage","url":"https:\/\/imageetson.ca\/wp-content\/uploads\/2021\/07\/GroupeIS_Produits700x800-Forfait6.jpg","contentUrl":"https:\/\/imageetson.ca\/wp-content\/uploads\/2021\/07\/GroupeIS_Produits700x800-Forfait6.jpg","width":700,"height":800},{"@type":"BreadcrumbList","@id":"https:\/\/imageetson.ca\/en\/product\/forfait-6-dj-pro-live-plus-show\/#breadcrumb","itemListElement":[{"@type":"ListItem","position":1,"name":"Home","item":"https:\/\/imageetson.ca\/en\/"},{"@type":"ListItem","position":2,"name":"Shop","item":"https:\/\/imageetson.ca\/en\/shop\/"},{"@type":"ListItem","position":3,"name":"Package #6 &#8211; DJ Pro Live Plus Show"}]},{"@type":"WebSite","@id":"https:\/\/imageetson.ca\/en\/#website","url":"https:\/\/imageetson.ca\/en\/","name":"Image &amp; son","description":"Complice de vos \u00e9v\u00e9nements","publisher":{"@id":"https:\/\/imageetson.ca\/en\/#organization"},"potentialAction":[{"@type":"SearchAction","target":{"@type":"EntryPoint","urlTemplate":"https:\/\/imageetson.ca\/en\/?s={search_term_string}"},"query-input":{"@type":"PropertyValueSpecification","valueRequired":true,"valueName":"search_term_string"}}],"inLanguage":"en-US"},{"@type":"Organization","@id":"https:\/\/imageetson.ca\/en\/#organization","name":"Groupe Image & son","url":"https:\/\/imageetson.ca\/en\/","logo":{"@type":"ImageObject","inLanguage":"en-US","@id":"https:\/\/imageetson.ca\/en\/#\/schema\/logo\/image\/","url":"https:\/\/imageetson.ca\/wp-content\/uploads\/2021\/07\/GroupeIS_logo.png","contentUrl":"https:\/\/imageetson.ca\/wp-content\/uploads\/2021\/07\/GroupeIS_logo.png","width":380,"height":72,"caption":"Groupe Image & son"},"image":{"@id":"https:\/\/imageetson.ca\/en\/#\/schema\/logo\/image\/"}}]}},"_links":{"self":[{"href":"https:\/\/imageetson.ca\/en\/wp-json\/wp\/v2\/product\/14686","targetHints":{"allow":["GET"]}}],"collection":[{"href":"https:\/\/imageetson.ca\/en\/wp-json\/wp\/v2\/product"}],"about":[{"href":"https:\/\/imageetson.ca\/en\/wp-json\/wp\/v2\/types\/product"}],"replies":[{"embeddable":true,"href":"https:\/\/imageetson.ca\/en\/wp-json\/wp\/v2\/comments?post=14686"}],"version-history":[{"count":2,"href":"https:\/\/imageetson.ca\/en\/wp-json\/wp\/v2\/product\/14686\/revisions"}],"predecessor-version":[{"id":14689,"href":"https:\/\/imageetson.ca\/en\/wp-json\/wp\/v2\/product\/14686\/revisions\/14689"}],"wp:featuredmedia":[{"embeddable":true,"href":"https:\/\/imageetson.ca\/en\/wp-json\/wp\/v2\/media\/14083"}],"wp:attachment":[{"href":"https:\/\/imageetson.ca\/en\/wp-json\/wp\/v2\/media?parent=14686"}],"wp:term":[{"taxonomy":"product_brand","embeddable":true,"href":"https:\/\/imageetson.ca\/en\/wp-json\/wp\/v2\/product_brand?post=14686"},{"taxonomy":"product_cat","embeddable":true,"href":"https:\/\/imageetson.ca\/en\/wp-json\/wp\/v2\/product_cat?post=14686"},{"taxonomy":"product_tag","embeddable":true,"href":"https:\/\/imageetson.ca\/en\/wp-json\/wp\/v2\/product_tag?post=14686"}],"curies":[{"name":"wp","href":"https:\/\/api.w.org\/{rel}","templated":true}]}}