{"id":14717,"date":"2022-07-21T16:42:11","date_gmt":"2022-07-21T20:42:11","guid":{"rendered":"https:\/\/imageetson.ca\/product\/shure-sm58-microphone-dynamique-cardoide\/"},"modified":"2022-07-22T11:03:35","modified_gmt":"2022-07-22T15:03:35","slug":"shure-sm58-microphone-dynamique-cardoide","status":"publish","type":"product","link":"https:\/\/imageetson.ca\/en\/product\/shure-sm58-microphone-dynamique-cardoide\/","title":{"rendered":"Shure SM58 microphone dynamique cardo\u00efde"},"content":{"rendered":"","protected":false},"excerpt":{"rendered":"<p>Si vous avez d\u00e9j\u00e0 entendu quelqu\u2019un chanter ou s\u2019exprimer dans un micro en live, il y a de grandes chances que \u00e7a ait \u00e9t\u00e9 \u00e0 travers un SM58. Rock stars. Idoles de la pop. Com\u00e9diens. Pr\u00e9sidents. Papes. Des mots devenus immortels ont \u00e9t\u00e9 diffus\u00e9s via ce micro embl\u00e9matique depuis des g\u00e9n\u00e9rations. Et gr\u00e2ce \u00e0 sa technologie et sa robustesse devenues des r\u00e9f\u00e9rences mondiales, il accompagnera encore les artistes et personnalit\u00e9s sur sc\u00e8ne pendant de nombreuses ann\u00e9es.<\/p>\n","protected":false},"featured_media":14059,"comment_status":"open","ping_status":"closed","template":"","meta":[],"product_brand":[],"product_cat":[99,93],"product_tag":[],"class_list":{"0":"post-14717","1":"product","2":"type-product","3":"status-publish","4":"has-post-thumbnail","6":"product_cat-equipment-purchases","7":"product_cat-featured-products","9":"first","10":"instock","11":"taxable","12":"shipping-taxable","13":"purchasable","14":"product-type-variable","15":"has-default-attributes"},"yoast_head":"<!-- This site is optimized with the Yoast SEO plugin v27.3 - https:\/\/yoast.com\/product\/yoast-seo-wordpress\/ -->\n<title>Shure SM58 microphone dynamique cardo\u00efde | Image &amp; son<\/title>\n<meta name=\"robots\" content=\"index, follow, max-snippet:-1, max-image-preview:large, max-video-preview:-1\" \/>\n<link rel=\"canonical\" href=\"https:\/\/imageetson.ca\/en\/product\/shure-sm58-microphone-dynamique-cardoide\/\" \/>\n<meta property=\"og:locale\" content=\"en_US\" \/>\n<meta property=\"og:type\" content=\"article\" \/>\n<meta property=\"og:title\" content=\"Shure SM58 microphone dynamique cardo\u00efde | Image &amp; son\" \/>\n<meta property=\"og:description\" content=\"Si vous avez d\u00e9j\u00e0 entendu quelqu\u2019un chanter ou s\u2019exprimer dans un micro en live, il y a de grandes chances que \u00e7a ait \u00e9t\u00e9 \u00e0 travers un SM58. Rock stars. Idoles de la pop. Com\u00e9diens. Pr\u00e9sidents. Papes. Des mots devenus immortels ont \u00e9t\u00e9 diffus\u00e9s via ce micro embl\u00e9matique depuis des g\u00e9n\u00e9rations. Et gr\u00e2ce \u00e0 sa technologie et sa robustesse devenues des r\u00e9f\u00e9rences mondiales, il accompagnera encore les artistes et personnalit\u00e9s sur sc\u00e8ne pendant de nombreuses ann\u00e9es.\" \/>\n<meta property=\"og:url\" content=\"https:\/\/imageetson.ca\/en\/product\/shure-sm58-microphone-dynamique-cardoide\/\" \/>\n<meta property=\"og:site_name\" content=\"Image &amp; son\" \/>\n<meta property=\"article:modified_time\" content=\"2022-07-22T15:03:35+00:00\" \/>\n<meta property=\"og:image\" content=\"https:\/\/imageetson.ca\/wp-content\/uploads\/2021\/07\/GroupeIS_Produits700x800-ShureSM58-CicrophoneDynamiqueCardoide-1.jpg\" \/>\n\t<meta property=\"og:image:width\" content=\"700\" \/>\n\t<meta property=\"og:image:height\" content=\"800\" \/>\n\t<meta property=\"og:image:type\" content=\"image\/jpeg\" \/>\n<meta name=\"twitter:card\" content=\"summary_large_image\" \/>\n<script type=\"application\/ld+json\" class=\"yoast-schema-graph\">{\"@context\":\"https:\\\/\\\/schema.org\",\"@graph\":[{\"@type\":\"WebPage\",\"@id\":\"https:\\\/\\\/imageetson.ca\\\/en\\\/product\\\/shure-sm58-microphone-dynamique-cardoide\\\/\",\"url\":\"https:\\\/\\\/imageetson.ca\\\/en\\\/product\\\/shure-sm58-microphone-dynamique-cardoide\\\/\",\"name\":\"Shure SM58 microphone dynamique cardo\u00efde | Image &amp; son\",\"isPartOf\":{\"@id\":\"https:\\\/\\\/imageetson.ca\\\/en\\\/#website\"},\"primaryImageOfPage\":{\"@id\":\"https:\\\/\\\/imageetson.ca\\\/en\\\/product\\\/shure-sm58-microphone-dynamique-cardoide\\\/#primaryimage\"},\"image\":{\"@id\":\"https:\\\/\\\/imageetson.ca\\\/en\\\/product\\\/shure-sm58-microphone-dynamique-cardoide\\\/#primaryimage\"},\"thumbnailUrl\":\"https:\\\/\\\/imageetson.ca\\\/wp-content\\\/uploads\\\/2021\\\/07\\\/GroupeIS_Produits700x800-ShureSM58-CicrophoneDynamiqueCardoide-1.jpg\",\"datePublished\":\"2022-07-21T20:42:11+00:00\",\"dateModified\":\"2022-07-22T15:03:35+00:00\",\"breadcrumb\":{\"@id\":\"https:\\\/\\\/imageetson.ca\\\/en\\\/product\\\/shure-sm58-microphone-dynamique-cardoide\\\/#breadcrumb\"},\"inLanguage\":\"en-US\",\"potentialAction\":[{\"@type\":\"ReadAction\",\"target\":[\"https:\\\/\\\/imageetson.ca\\\/en\\\/product\\\/shure-sm58-microphone-dynamique-cardoide\\\/\"]}]},{\"@type\":\"ImageObject\",\"inLanguage\":\"en-US\",\"@id\":\"https:\\\/\\\/imageetson.ca\\\/en\\\/product\\\/shure-sm58-microphone-dynamique-cardoide\\\/#primaryimage\",\"url\":\"https:\\\/\\\/imageetson.ca\\\/wp-content\\\/uploads\\\/2021\\\/07\\\/GroupeIS_Produits700x800-ShureSM58-CicrophoneDynamiqueCardoide-1.jpg\",\"contentUrl\":\"https:\\\/\\\/imageetson.ca\\\/wp-content\\\/uploads\\\/2021\\\/07\\\/GroupeIS_Produits700x800-ShureSM58-CicrophoneDynamiqueCardoide-1.jpg\",\"width\":700,\"height\":800},{\"@type\":\"BreadcrumbList\",\"@id\":\"https:\\\/\\\/imageetson.ca\\\/en\\\/product\\\/shure-sm58-microphone-dynamique-cardoide\\\/#breadcrumb\",\"itemListElement\":[{\"@type\":\"ListItem\",\"position\":1,\"name\":\"Home\",\"item\":\"https:\\\/\\\/imageetson.ca\\\/en\\\/\"},{\"@type\":\"ListItem\",\"position\":2,\"name\":\"Shop\",\"item\":\"https:\\\/\\\/imageetson.ca\\\/en\\\/shop\\\/\"},{\"@type\":\"ListItem\",\"position\":3,\"name\":\"Shure SM58 microphone dynamique cardo\u00efde\"}]},{\"@type\":\"WebSite\",\"@id\":\"https:\\\/\\\/imageetson.ca\\\/en\\\/#website\",\"url\":\"https:\\\/\\\/imageetson.ca\\\/en\\\/\",\"name\":\"Image &amp; son\",\"description\":\"Complice de vos \u00e9v\u00e9nements\",\"publisher\":{\"@id\":\"https:\\\/\\\/imageetson.ca\\\/en\\\/#organization\"},\"potentialAction\":[{\"@type\":\"SearchAction\",\"target\":{\"@type\":\"EntryPoint\",\"urlTemplate\":\"https:\\\/\\\/imageetson.ca\\\/en\\\/?s={search_term_string}\"},\"query-input\":{\"@type\":\"PropertyValueSpecification\",\"valueRequired\":true,\"valueName\":\"search_term_string\"}}],\"inLanguage\":\"en-US\"},{\"@type\":\"Organization\",\"@id\":\"https:\\\/\\\/imageetson.ca\\\/en\\\/#organization\",\"name\":\"Groupe Image & son\",\"url\":\"https:\\\/\\\/imageetson.ca\\\/en\\\/\",\"logo\":{\"@type\":\"ImageObject\",\"inLanguage\":\"en-US\",\"@id\":\"https:\\\/\\\/imageetson.ca\\\/en\\\/#\\\/schema\\\/logo\\\/image\\\/\",\"url\":\"https:\\\/\\\/imageetson.ca\\\/wp-content\\\/uploads\\\/2021\\\/07\\\/GroupeIS_logo.png\",\"contentUrl\":\"https:\\\/\\\/imageetson.ca\\\/wp-content\\\/uploads\\\/2021\\\/07\\\/GroupeIS_logo.png\",\"width\":380,\"height\":72,\"caption\":\"Groupe Image & son\"},\"image\":{\"@id\":\"https:\\\/\\\/imageetson.ca\\\/en\\\/#\\\/schema\\\/logo\\\/image\\\/\"}}]}<\/script>\n<!-- \/ Yoast SEO plugin. -->","yoast_head_json":{"title":"Shure SM58 microphone dynamique cardo\u00efde | Image &amp; son","robots":{"index":"index","follow":"follow","max-snippet":"max-snippet:-1","max-image-preview":"max-image-preview:large","max-video-preview":"max-video-preview:-1"},"canonical":"https:\/\/imageetson.ca\/en\/product\/shure-sm58-microphone-dynamique-cardoide\/","og_locale":"en_US","og_type":"article","og_title":"Shure SM58 microphone dynamique cardo\u00efde | Image &amp; son","og_description":"Si vous avez d\u00e9j\u00e0 entendu quelqu\u2019un chanter ou s\u2019exprimer dans un micro en live, il y a de grandes chances que \u00e7a ait \u00e9t\u00e9 \u00e0 travers un SM58. Rock stars. Idoles de la pop. Com\u00e9diens. Pr\u00e9sidents. Papes. Des mots devenus immortels ont \u00e9t\u00e9 diffus\u00e9s via ce micro embl\u00e9matique depuis des g\u00e9n\u00e9rations. Et gr\u00e2ce \u00e0 sa technologie et sa robustesse devenues des r\u00e9f\u00e9rences mondiales, il accompagnera encore les artistes et personnalit\u00e9s sur sc\u00e8ne pendant de nombreuses ann\u00e9es.","og_url":"https:\/\/imageetson.ca\/en\/product\/shure-sm58-microphone-dynamique-cardoide\/","og_site_name":"Image &amp; son","article_modified_time":"2022-07-22T15:03:35+00:00","og_image":[{"width":700,"height":800,"url":"https:\/\/imageetson.ca\/wp-content\/uploads\/2021\/07\/GroupeIS_Produits700x800-ShureSM58-CicrophoneDynamiqueCardoide-1.jpg","type":"image\/jpeg"}],"twitter_card":"summary_large_image","schema":{"@context":"https:\/\/schema.org","@graph":[{"@type":"WebPage","@id":"https:\/\/imageetson.ca\/en\/product\/shure-sm58-microphone-dynamique-cardoide\/","url":"https:\/\/imageetson.ca\/en\/product\/shure-sm58-microphone-dynamique-cardoide\/","name":"Shure SM58 microphone dynamique cardo\u00efde | Image &amp; son","isPartOf":{"@id":"https:\/\/imageetson.ca\/en\/#website"},"primaryImageOfPage":{"@id":"https:\/\/imageetson.ca\/en\/product\/shure-sm58-microphone-dynamique-cardoide\/#primaryimage"},"image":{"@id":"https:\/\/imageetson.ca\/en\/product\/shure-sm58-microphone-dynamique-cardoide\/#primaryimage"},"thumbnailUrl":"https:\/\/imageetson.ca\/wp-content\/uploads\/2021\/07\/GroupeIS_Produits700x800-ShureSM58-CicrophoneDynamiqueCardoide-1.jpg","datePublished":"2022-07-21T20:42:11+00:00","dateModified":"2022-07-22T15:03:35+00:00","breadcrumb":{"@id":"https:\/\/imageetson.ca\/en\/product\/shure-sm58-microphone-dynamique-cardoide\/#breadcrumb"},"inLanguage":"en-US","potentialAction":[{"@type":"ReadAction","target":["https:\/\/imageetson.ca\/en\/product\/shure-sm58-microphone-dynamique-cardoide\/"]}]},{"@type":"ImageObject","inLanguage":"en-US","@id":"https:\/\/imageetson.ca\/en\/product\/shure-sm58-microphone-dynamique-cardoide\/#primaryimage","url":"https:\/\/imageetson.ca\/wp-content\/uploads\/2021\/07\/GroupeIS_Produits700x800-ShureSM58-CicrophoneDynamiqueCardoide-1.jpg","contentUrl":"https:\/\/imageetson.ca\/wp-content\/uploads\/2021\/07\/GroupeIS_Produits700x800-ShureSM58-CicrophoneDynamiqueCardoide-1.jpg","width":700,"height":800},{"@type":"BreadcrumbList","@id":"https:\/\/imageetson.ca\/en\/product\/shure-sm58-microphone-dynamique-cardoide\/#breadcrumb","itemListElement":[{"@type":"ListItem","position":1,"name":"Home","item":"https:\/\/imageetson.ca\/en\/"},{"@type":"ListItem","position":2,"name":"Shop","item":"https:\/\/imageetson.ca\/en\/shop\/"},{"@type":"ListItem","position":3,"name":"Shure SM58 microphone dynamique cardo\u00efde"}]},{"@type":"WebSite","@id":"https:\/\/imageetson.ca\/en\/#website","url":"https:\/\/imageetson.ca\/en\/","name":"Image &amp; son","description":"Complice de vos \u00e9v\u00e9nements","publisher":{"@id":"https:\/\/imageetson.ca\/en\/#organization"},"potentialAction":[{"@type":"SearchAction","target":{"@type":"EntryPoint","urlTemplate":"https:\/\/imageetson.ca\/en\/?s={search_term_string}"},"query-input":{"@type":"PropertyValueSpecification","valueRequired":true,"valueName":"search_term_string"}}],"inLanguage":"en-US"},{"@type":"Organization","@id":"https:\/\/imageetson.ca\/en\/#organization","name":"Groupe Image & son","url":"https:\/\/imageetson.ca\/en\/","logo":{"@type":"ImageObject","inLanguage":"en-US","@id":"https:\/\/imageetson.ca\/en\/#\/schema\/logo\/image\/","url":"https:\/\/imageetson.ca\/wp-content\/uploads\/2021\/07\/GroupeIS_logo.png","contentUrl":"https:\/\/imageetson.ca\/wp-content\/uploads\/2021\/07\/GroupeIS_logo.png","width":380,"height":72,"caption":"Groupe Image & son"},"image":{"@id":"https:\/\/imageetson.ca\/en\/#\/schema\/logo\/image\/"}}]}},"_links":{"self":[{"href":"https:\/\/imageetson.ca\/en\/wp-json\/wp\/v2\/product\/14717","targetHints":{"allow":["GET"]}}],"collection":[{"href":"https:\/\/imageetson.ca\/en\/wp-json\/wp\/v2\/product"}],"about":[{"href":"https:\/\/imageetson.ca\/en\/wp-json\/wp\/v2\/types\/product"}],"replies":[{"embeddable":true,"href":"https:\/\/imageetson.ca\/en\/wp-json\/wp\/v2\/comments?post=14717"}],"version-history":[{"count":1,"href":"https:\/\/imageetson.ca\/en\/wp-json\/wp\/v2\/product\/14717\/revisions"}],"predecessor-version":[{"id":14721,"href":"https:\/\/imageetson.ca\/en\/wp-json\/wp\/v2\/product\/14717\/revisions\/14721"}],"wp:featuredmedia":[{"embeddable":true,"href":"https:\/\/imageetson.ca\/en\/wp-json\/wp\/v2\/media\/14059"}],"wp:attachment":[{"href":"https:\/\/imageetson.ca\/en\/wp-json\/wp\/v2\/media?parent=14717"}],"wp:term":[{"taxonomy":"product_brand","embeddable":true,"href":"https:\/\/imageetson.ca\/en\/wp-json\/wp\/v2\/product_brand?post=14717"},{"taxonomy":"product_cat","embeddable":true,"href":"https:\/\/imageetson.ca\/en\/wp-json\/wp\/v2\/product_cat?post=14717"},{"taxonomy":"product_tag","embeddable":true,"href":"https:\/\/imageetson.ca\/en\/wp-json\/wp\/v2\/product_tag?post=14717"}],"curies":[{"name":"wp","href":"https:\/\/api.w.org\/{rel}","templated":true}]}}